{"id":107,"date":"2026-02-24T16:58:07","date_gmt":"2026-02-24T15:58:07","guid":{"rendered":"https:\/\/admin.zpkb.eu\/?page_id=107"},"modified":"2026-03-26T16:26:29","modified_gmt":"2026-03-26T15:26:29","slug":"staze-pro-studenty","status":"publish","type":"page","link":"https:\/\/admin.zpkb.eu\/cs\/staze-pro-studenty\/","title":{"rendered":"St\u00e1\u017ee pro studenty"},"content":{"rendered":"\n<p><strong>Na zastoupen\u00ed Plze\u0148sk\u00e9ho kraje v&nbsp;Bruselu mohou studenti i \u010derstv\u00ed absolventi vysok\u00fdch \u0161kol absolvovat praktickou st\u00e1\u017e. Tyto st\u00e1\u017ee realizujeme ji\u017e od r. 2008 a do dne\u0161n\u00edho dne ji jsme p\u0159iv\u00edtali p\u0159es \u0161est des\u00edtek st\u00e1\u017eist\u016f. N\u00e1sleduj\u00edc\u00ed \u0159\u00e1dky jsou ur\u010deny t\u011bm, kte\u0159\u00ed se mo\u017enost st\u00e1\u017ee zaj\u00edmaj\u00ed.<\/strong><\/p>\n\n\n\n<div class=\"wp-block-buttons is-content-justification-left is-layout-flex wp-container-core-buttons-is-layout-fdcfc74e wp-block-buttons-is-layout-flex\">\n<div class=\"wp-block-button\"><a class=\"wp-block-button__link wp-element-button\" href=\"mailto:info@zpkb.eu\">Hlaste se na st\u00e1\u017e!<\/a><\/div>\n<\/div>\n\n\n\n<h3 class=\"wp-block-heading\">Co bude st\u00e1\u017eista d\u011blat?<\/h3>\n\n\n\n<ul class=\"wp-block-list\">\n<li>Rutinn\u00ed kancel\u00e1\u0159skou pr\u00e1ci \u2013 zpracov\u00e1n\u00ed monitoringu hlavn\u00edho d\u011bn\u00ed v&nbsp;Evropsk\u00e9 unii v&nbsp;oblasti evropsk\u00fdch fond\u016f, region\u00e1ln\u00ed politiky, dopravy, \u017eivotn\u00edho prost\u0159ed\u00ed a ve\u0159ejn\u00e9 podpory; tyto informace bude vyhled\u00e1vat na ofici\u00e1ln\u00edch str\u00e1nk\u00e1ch Evropsk\u00e9 komise, Evropsk\u00e9ho parlamentu, Evropsk\u00e9 rady a V\u00fdboru region\u016f.<\/li>\n\n\n\n<li>Zapoj\u00ed se do p\u0159\u00edpravy a organizace akc\u00ed, kter\u00e9 v&nbsp;Bruselu budeme po\u0159\u00e1dat a\u0165 ji\u017e jako hlavn\u00ed organiz\u00e1tor nebo spolupo\u0159adatel.<\/li>\n\n\n\n<li>Bude se \u00fa\u010dastnit r\u016fzn\u00fdch konferenc\u00ed, semin\u00e1\u0159\u016f nebo workshop\u016f, kter\u00e9 v&nbsp;Bruselu budou prob\u00edhat a jejich t\u00e9ma je pro Plze\u0148sk\u00fd kraj d\u016fle\u017eit\u00e9.<\/li>\n\n\n\n<li>P\u0159\u00edprava podklad\u016f (n\u00e1vrh text\u016f a po\u0159\u00edzen\u00ed fotografi\u00ed a vide\u00ed) pro prezentaci na soci\u00e1ln\u00edch s\u00edt\u00edch Plze\u0148sk\u00e9ho kraje.<\/li>\n\n\n\n<li>Participace na prezentaci kraje ve\u0159ejnosti p\u0159i r\u016fzn\u00fdch p\u0159\u00edle\u017eitostech.<\/li>\n\n\n\n<li>Doprovod ofici\u00e1ln\u00edch delegac\u00ed Plze\u0148sk\u00e9ho kraje p\u0159i pracovn\u00edch cest\u00e1ch do Bruselu.<\/li>\n<\/ul>\n\n\n\n<h3 class=\"wp-block-heading\">Co od kandid\u00e1t\u016f o\u010dek\u00e1v\u00e1me?<\/h3>\n\n\n\n<ul class=\"wp-block-list\">\n<li>Spr\u00e1vnou motivaci a ochotu pozn\u00e1vat nov\u00e9 prost\u0159ed\u00ed, setk\u00e1vat se nov\u00fdmi lidmi a d\u011blat nov\u00e9 v\u011bci.<\/li>\n\n\n\n<li>Ochotu zapojit se do pr\u00e1ce zastoupen\u00ed, kter\u00e1 ob\u010das vy\u017eaduje vybo\u010dit z&nbsp;ka\u017edodenn\u00ed rutiny a pracovat o v\u00edkendu nebo dlouho     do ve\u010dera (kompenzujeme n\u00e1hradn\u00edm volnem).<\/li>\n\n\n\n<li>Dobrou znalost anglick\u00e9ho jazyka \u2013 p\u0159\u00edpadn\u00e1 znalost francouz\u0161tiny je velkou v\u00fdhodou.<\/li>\n\n\n\n<li>Z\u00e1kladn\u00ed pov\u011bdom\u00ed o&nbsp;re\u00e1li\u00edch Plze\u0148sk\u00e9ho kraje.<\/li>\n\n\n\n<li>Schopnost samostatn\u011b \u0159e\u0161it neobvykl\u00e9 \u010di ne\u010dekan\u00e9 \u00fakoly.<\/li>\n\n\n\n<li>Zodpov\u011bdnost a kultivovan\u00e9 vystupov\u00e1n\u00ed.<\/li>\n<\/ul>\n\n\n\n<h3 class=\"wp-block-heading\">Podm\u00ednky st\u00e1\u017ee<\/h3>\n\n\n\n<ul class=\"wp-block-list\">\n<li><strong>Minim\u00e1ln\u00ed d\u00e9lka trv\u00e1n\u00ed st\u00e1\u017ee jsou 3 m\u011bs\u00edce.<\/strong><\/li>\n\n\n\n<li>Na st\u00e1\u017e v&nbsp;Bruselu mohou kandid\u00e1ti z\u00edskat grant v&nbsp;r\u00e1mci programu EU Erasmus+.<\/li>\n\n\n\n<li>Nab\u00edz\u00edme mo\u017enost <strong>bezplatn\u00e9ho ubytov\u00e1n\u00ed <\/strong>v&nbsp;samostatn\u00e9m pokoji s&nbsp;p\u0159\u00edslu\u0161enstv\u00edm p\u0159\u00edmo v&nbsp;dom\u011b zastoupen\u00ed Plze\u0148sk\u00e9ho kraje v&nbsp;Bruselu.<\/li>\n\n\n\n<li><strong>Na zastoupen\u00ed je v&nbsp;jednu chv\u00edli v\u017edy jen jeden st\u00e1\u017eista!<\/strong> Pro v\u00edc st\u00e1\u017eist\u016f nem\u00e1me kapacitu na ubytov\u00e1n\u00ed a ani pr\u00e1ce v&nbsp;kancel\u00e1\u0159i v\u00edc lid\u00ed nevy\u017eaduje. Ale d\u00edky tomu mus\u00ed potenci\u00e1ln\u00ed z\u00e1jemci po\u010d\u00edtat s&nbsp;pl\u00e1nov\u00e1n\u00edm sv\u00e9 st\u00e1\u017ee s&nbsp;v\u011bt\u0161\u00edm p\u0159edstihem.<\/li>\n<\/ul>\n\n\n\n<h3 class=\"wp-block-heading\">P\u0159ed pohovorem<\/h3>\n\n\n\n<ul class=\"wp-block-list\">\n<li><strong>Po domluv\u011b vhodn\u00e9ho term\u00ednu bude n\u00e1sledovat pohovor <\/strong>\u2013 bu\u010f osobn\u011b na krajsk\u00e9m \u00fa\u0159ad\u011b v&nbsp;Plzni anebo p\u0159es videohovor.<\/li>\n\n\n\n<li><strong>Na pohovor by si kandid\u00e1t\/-ka m\u011bl p\u0159ipravit: <\/strong>co od st\u00e1\u017ee o\u010dek\u00e1v\u00e1, na jak\u00e1 t\u00e9mata by se b\u011bhem st\u00e1\u017ee cht\u011bl\/-a zam\u011b\u0159it a mo\u017en\u00e9 term\u00edny v\u00fdjezdu. Z\u00e1rove\u0148 budou zodpov\u011bzeny p\u0159\u00edpadn\u00e9 detailn\u00ed praktick\u00e9 dotazy souvisej\u00edc\u00ed s&nbsp;dlouhodob\u00fdm v\u00fdjezdem do zahrani\u010d\u00ed.<\/li>\n\n\n\n<li>Odpov\u011b\u010f na n\u011bkter\u00e9 ot\u00e1zky m\u016f\u017eete nal\u00e9zt v&nbsp;p\u0159ilo\u017een\u00e9m manu\u00e1lu, kter\u00fd je ke sta\u017een\u00ed <a href=\"https:\/\/admin.zpkb.eu\/wp-content\/uploads\/Manual_staz.pdf\" data-type=\"link\" data-id=\"https:\/\/admin.zpkb.eu\/wp-content\/uploads\/Manual_staz.pdf\"><strong>ZDE<\/strong><\/a>.<\/li>\n<\/ul>\n\n\n\n<p><strong>M\u00e1te z\u00e1jem o st\u00e1\u017e? Po\u0161lete n\u00e1m sv\u016fj \u017eivotopis na<\/strong> <strong><a href=\"mailto:info@zpkb.eu\" data-type=\"link\" data-id=\"info@zpkb.eu\">info@zpkb.eu.<\/a><\/strong><\/p>\n\n\n\n<div class=\"wp-block-buttons is-content-justification-left is-layout-flex wp-container-core-buttons-is-layout-fdcfc74e wp-block-buttons-is-layout-flex\">\n<div class=\"wp-block-button\"><a class=\"wp-block-button__link wp-element-button\" href=\"mailto:info@zpkb.eu\">Hlaste se na st\u00e1\u017e!<\/a><\/div>\n<\/div>\n\n\n\n<div style=\"height:34px\" aria-hidden=\"true\" class=\"wp-block-spacer\"><\/div>\n\n\n\n<figure class=\"wp-block-gallery has-nested-images columns-default is-cropped wp-block-gallery-1 is-layout-flex wp-block-gallery-is-layout-flex\">\n<figure data-wp-context=\"{&quot;imageId&quot;:&quot;69f8611fcc3a5&quot;}\" data-wp-interactive=\"core\/image\" data-wp-key=\"69f8611fcc3a5\" class=\"wp-block-image size-large wp-lightbox-container\"><img loading=\"lazy\" decoding=\"async\" width=\"1200\" height=\"1200\" data-wp-class--hide=\"state.isContentHidden\" data-wp-class--show=\"state.isContentVisible\" data-wp-init=\"callbacks.setButtonStyles\" data-wp-on--click=\"actions.showLightbox\" data-wp-on--load=\"callbacks.setButtonStyles\" data-wp-on-window--resize=\"callbacks.setButtonStyles\" data-id=\"257\" src=\"https:\/\/admin.zpkb.eu\/wp-content\/uploads\/2026\/03\/Staze1.jpg\" alt=\"Martin Ryb\u00e1r et la stagiaire\" class=\"wp-image-257\" srcset=\"https:\/\/admin.zpkb.eu\/wp-content\/uploads\/2026\/03\/Staze1.jpg 1200w, https:\/\/admin.zpkb.eu\/wp-content\/uploads\/2026\/03\/Staze1-500x500.jpg 500w, https:\/\/admin.zpkb.eu\/wp-content\/uploads\/2026\/03\/Staze1-1000x1000.jpg 1000w, https:\/\/admin.zpkb.eu\/wp-content\/uploads\/2026\/03\/Staze1-768x768.jpg 768w\" sizes=\"auto, (max-width: 1200px) 100vw, 1200px\" \/><button\n\t\t\tclass=\"lightbox-trigger\"\n\t\t\ttype=\"button\"\n\t\t\taria-haspopup=\"dialog\"\n\t\t\taria-label=\"Zv\u011bt\u0161it\"\n\t\t\tdata-wp-init=\"callbacks.initTriggerButton\"\n\t\t\tdata-wp-on--click=\"actions.showLightbox\"\n\t\t\tdata-wp-style--right=\"state.imageButtonRight\"\n\t\t\tdata-wp-style--top=\"state.imageButtonTop\"\n\t\t>\n\t\t\t<svg xmlns=\"http:\/\/www.w3.org\/2000\/svg\" width=\"12\" height=\"12\" fill=\"none\" viewBox=\"0 0 12 12\">\n\t\t\t\t<path fill=\"#fff\" d=\"M2 0a2 2 0 0 0-2 2v2h1.5V2a.5.5 0 0 1 .5-.5h2V0H2Zm2 10.5H2a.5.5 0 0 1-.5-.5V8H0v2a2 2 0 0 0 2 2h2v-1.5ZM8 12v-1.5h2a.5.5 0 0 0 .5-.5V8H12v2a2 2 0 0 1-2 2H8Zm2-12a2 2 0 0 1 2 2v2h-1.5V2a.5.5 0 0 0-.5-.5H8V0h2Z\" \/>\n\t\t\t<\/svg>\n\t\t<\/button><\/figure>\n\n\n\n<figure data-wp-context=\"{&quot;imageId&quot;:&quot;69f8611fcc642&quot;}\" data-wp-interactive=\"core\/image\" data-wp-key=\"69f8611fcc642\" class=\"wp-block-image size-full wp-lightbox-container\"><img loading=\"lazy\" decoding=\"async\" width=\"1080\" height=\"1080\" data-wp-class--hide=\"state.isContentHidden\" data-wp-class--show=\"state.isContentVisible\" data-wp-init=\"callbacks.setButtonStyles\" data-wp-on--click=\"actions.showLightbox\" data-wp-on--load=\"callbacks.setButtonStyles\" data-wp-on-window--resize=\"callbacks.setButtonStyles\" data-id=\"619\" src=\"https:\/\/admin.zpkb.eu\/wp-content\/uploads\/Manual_staz-Prispevek-na-Instagramu.png\" alt=\"Manual for interns\" class=\"wp-image-619\" srcset=\"https:\/\/admin.zpkb.eu\/wp-content\/uploads\/Manual_staz-Prispevek-na-Instagramu.png 1080w, https:\/\/admin.zpkb.eu\/wp-content\/uploads\/Manual_staz-Prispevek-na-Instagramu-1000x1000.png 1000w, https:\/\/admin.zpkb.eu\/wp-content\/uploads\/Manual_staz-Prispevek-na-Instagramu-500x500.png 500w, https:\/\/admin.zpkb.eu\/wp-content\/uploads\/Manual_staz-Prispevek-na-Instagramu-768x768.png 768w\" sizes=\"auto, (max-width: 1080px) 100vw, 1080px\" \/><button\n\t\t\tclass=\"lightbox-trigger\"\n\t\t\ttype=\"button\"\n\t\t\taria-haspopup=\"dialog\"\n\t\t\taria-label=\"Zv\u011bt\u0161it\"\n\t\t\tdata-wp-init=\"callbacks.initTriggerButton\"\n\t\t\tdata-wp-on--click=\"actions.showLightbox\"\n\t\t\tdata-wp-style--right=\"state.imageButtonRight\"\n\t\t\tdata-wp-style--top=\"state.imageButtonTop\"\n\t\t>\n\t\t\t<svg xmlns=\"http:\/\/www.w3.org\/2000\/svg\" width=\"12\" height=\"12\" fill=\"none\" viewBox=\"0 0 12 12\">\n\t\t\t\t<path fill=\"#fff\" d=\"M2 0a2 2 0 0 0-2 2v2h1.5V2a.5.5 0 0 1 .5-.5h2V0H2Zm2 10.5H2a.5.5 0 0 1-.5-.5V8H0v2a2 2 0 0 0 2 2h2v-1.5ZM8 12v-1.5h2a.5.5 0 0 0 .5-.5V8H12v2a2 2 0 0 1-2 2H8Zm2-12a2 2 0 0 1 2 2v2h-1.5V2a.5.5 0 0 0-.5-.5H8V0h2Z\" \/>\n\t\t\t<\/svg>\n\t\t<\/button><\/figure>\n\n\n\n<figure data-wp-context=\"{&quot;imageId&quot;:&quot;69f8611fcc8cd&quot;}\" data-wp-interactive=\"core\/image\" data-wp-key=\"69f8611fcc8cd\" class=\"wp-block-image size-large wp-lightbox-container\"><img loading=\"lazy\" decoding=\"async\" width=\"1200\" height=\"1200\" data-wp-class--hide=\"state.isContentHidden\" data-wp-class--show=\"state.isContentVisible\" data-wp-init=\"callbacks.setButtonStyles\" data-wp-on--click=\"actions.showLightbox\" data-wp-on--load=\"callbacks.setButtonStyles\" data-wp-on-window--resize=\"callbacks.setButtonStyles\" data-id=\"288\" src=\"https:\/\/admin.zpkb.eu\/wp-content\/uploads\/2026\/03\/Zaci3.jpg\" alt=\"D\u00e9bat avec des repr\u00e9sentants de la R\u00e9gion de Pilsen\" class=\"wp-image-288\" srcset=\"https:\/\/admin.zpkb.eu\/wp-content\/uploads\/2026\/03\/Zaci3.jpg 1200w, https:\/\/admin.zpkb.eu\/wp-content\/uploads\/2026\/03\/Zaci3-1000x1000.jpg 1000w, https:\/\/admin.zpkb.eu\/wp-content\/uploads\/2026\/03\/Zaci3-500x500.jpg 500w, https:\/\/admin.zpkb.eu\/wp-content\/uploads\/2026\/03\/Zaci3-768x768.jpg 768w\" sizes=\"auto, (max-width: 1200px) 100vw, 1200px\" \/><button\n\t\t\tclass=\"lightbox-trigger\"\n\t\t\ttype=\"button\"\n\t\t\taria-haspopup=\"dialog\"\n\t\t\taria-label=\"Zv\u011bt\u0161it\"\n\t\t\tdata-wp-init=\"callbacks.initTriggerButton\"\n\t\t\tdata-wp-on--click=\"actions.showLightbox\"\n\t\t\tdata-wp-style--right=\"state.imageButtonRight\"\n\t\t\tdata-wp-style--top=\"state.imageButtonTop\"\n\t\t>\n\t\t\t<svg xmlns=\"http:\/\/www.w3.org\/2000\/svg\" width=\"12\" height=\"12\" fill=\"none\" viewBox=\"0 0 12 12\">\n\t\t\t\t<path fill=\"#fff\" d=\"M2 0a2 2 0 0 0-2 2v2h1.5V2a.5.5 0 0 1 .5-.5h2V0H2Zm2 10.5H2a.5.5 0 0 1-.5-.5V8H0v2a2 2 0 0 0 2 2h2v-1.5ZM8 12v-1.5h2a.5.5 0 0 0 .5-.5V8H12v2a2 2 0 0 1-2 2H8Zm2-12a2 2 0 0 1 2 2v2h-1.5V2a.5.5 0 0 0-.5-.5H8V0h2Z\" \/>\n\t\t\t<\/svg>\n\t\t<\/button><\/figure>\n<\/figure>\n\n\n\n<div style=\"height:70px\" aria-hidden=\"true\" class=\"wp-block-spacer\"><\/div>\n","protected":false},"excerpt":{"rendered":"<p>Studenti a absolventi, m\u00e1te z\u00e1jem u n\u00e1s absolvovat st\u00e1\u017e? P\u0159e\u010dt\u011bte si, jak u n\u00e1s st\u00e1\u017e prob\u00edh\u00e1 a jak se p\u0159ihl\u00e1sit.<\/p>\n","protected":false},"author":2,"featured_media":257,"parent":0,"menu_order":0,"comment_status":"closed","ping_status":"closed","template":"","meta":{"footnotes":""},"class_list":["post-107","page","type-page","status-publish","has-post-thumbnail","hentry"],"_links":{"self":[{"href":"https:\/\/admin.zpkb.eu\/cs\/wp-json\/wp\/v2\/pages\/107","targetHints":{"allow":["GET"]}}],"collection":[{"href":"https:\/\/admin.zpkb.eu\/cs\/wp-json\/wp\/v2\/pages"}],"about":[{"href":"https:\/\/admin.zpkb.eu\/cs\/wp-json\/wp\/v2\/types\/page"}],"author":[{"embeddable":true,"href":"https:\/\/admin.zpkb.eu\/cs\/wp-json\/wp\/v2\/users\/2"}],"replies":[{"embeddable":true,"href":"https:\/\/admin.zpkb.eu\/cs\/wp-json\/wp\/v2\/comments?post=107"}],"version-history":[{"count":77,"href":"https:\/\/admin.zpkb.eu\/cs\/wp-json\/wp\/v2\/pages\/107\/revisions"}],"predecessor-version":[{"id":666,"href":"https:\/\/admin.zpkb.eu\/cs\/wp-json\/wp\/v2\/pages\/107\/revisions\/666"}],"wp:featuredmedia":[{"embeddable":true,"href":"https:\/\/admin.zpkb.eu\/cs\/wp-json\/wp\/v2\/media\/257"}],"wp:attachment":[{"href":"https:\/\/admin.zpkb.eu\/cs\/wp-json\/wp\/v2\/media?parent=107"}],"curies":[{"name":"wp","href":"https:\/\/api.w.org\/{rel}","templated":true}]}}