{"id":2,"date":"2026-01-28T08:19:59","date_gmt":"2026-01-28T07:19:59","guid":{"rendered":"https:\/\/minwordpress-295.rostiapp.cz\/?page_id=2"},"modified":"2026-03-26T16:24:38","modified_gmt":"2026-03-26T15:24:38","slug":"o-nas","status":"publish","type":"page","link":"https:\/\/admin.zpkb.eu\/cs\/o-nas\/","title":{"rendered":"O n\u00e1s"},"content":{"rendered":"\n<h3 class=\"wp-block-heading\">Historie zastoupen\u00ed<\/h3>\n\n\n\n<div class=\"wp-block-columns is-layout-flex wp-container-core-columns-is-layout-9d6595d7 wp-block-columns-is-layout-flex\">\n<div class=\"wp-block-column is-vertically-aligned-top is-layout-flow wp-block-column-is-layout-flow\" style=\"flex-basis:100%\">\n<p>Evropsk\u00e1 kancel\u00e1\u0159 Plze\u0148sk\u00e9ho kraje v\u00a0Bruselu <strong>zah\u00e1jila\u00a0svou \u010dinnost dne 3. ledna 2006<\/strong> jako deta\u0161ovan\u00e9 pracovi\u0161t\u011b Krajsk\u00e9ho \u00fa\u0159adu Plze\u0148sk\u00e9ho kraje. Jej\u00edm prvn\u00edm z\u00e1stupcem byl <strong>Karel Lizerot<\/strong>. Pro snaz\u0161\u00ed za\u010d\u00e1tek sv\u00e9ho fungov\u00e1n\u00ed poskytli z\u00e1zem\u00ed pro kancel\u00e1\u0159 kolegov\u00e9 z\u00a0Evropsk\u00e9 kancel\u00e1\u0159e East Midlands (East Midlands zahrnuje tak\u00e9 region Northamptonshire, kter\u00fd je partnersk\u00fdm regionem Plze\u0148sk\u00e9ho kraje) se s\u00eddlem na Avenue d\u00b4Audergham 22-28, 1040 Brusel. Zde s\u00eddlila kancel\u00e1\u0159 a\u017e do \u010dervna 2007, kdy se p\u0159esunula do vlastn\u00ed pronajat\u00e9 kancel\u00e1\u0159e v\u00a0takzvan\u00e9m <strong>\u010cesk\u00e9m dom\u011b <\/strong>na adrese Rue du Trone 60, B-1050 Brusel. \u010cesk\u00fd d\u016fm v\u00a0Bruselu byl projektem souvisej\u00edc\u00edm s\u00a0historicky prvn\u00edm \u010desk\u00fdm <strong>p\u0159edsednictv\u00edm v\u00a0Rad\u011b EU<\/strong>, kter\u00e9 prob\u011bhlo v\u00a0prvn\u00ed polovin\u011b roku 2009. Pro tento \u00fa\u010del pot\u0159ebovalo <strong>St\u00e1l\u00e9 zastoupen\u00ed \u010cesk\u00e9 republiky p\u0159i EU<\/strong> (SZEU) nav\u00fd\u0161it po\u010det diplomat\u016f a z\u00edskat pro n\u011b pot\u0159ebn\u00e9 prostory.<\/p>\n<\/div>\n<\/div>\n\n\n\n<h3 class=\"wp-block-heading\">\u010cesk\u00fd d\u016fm<\/h3>\n\n\n\n<div class=\"wp-block-columns is-layout-flex wp-container-core-columns-is-layout-9d6595d7 wp-block-columns-is-layout-flex\">\n<div class=\"wp-block-column is-layout-flow wp-block-column-is-layout-flow\" style=\"flex-basis:100%\">\n<p>Ty byly nalezeny v\u00a0objektu bezprost\u0159edn\u011b soused\u00edc\u00edm se s\u00eddlem SZEU na <strong>Rue Caroly 15<\/strong>, kde z\u0159izovatel SZEU, tedy Ministerstvo zahrani\u010dn\u00edch v\u011bc\u00ed \u010cR, pronajalo celou kancel\u00e1\u0159skou budovu.  Ov\u0161em SZEU pro sv\u00e9 \u00fa\u010dely pot\u0159ebovalo pouze \u010d\u00e1st cel\u00e9ho objektu, tak\u017ee zbyl\u00e9 prostory nab\u00eddlo dal\u0161\u00edm \u010desk\u00fdm kancel\u00e1\u0159\u00edm v\u00a0Bruselu: tak se pod jednu st\u0159echu sest\u011bhovaly kancel\u00e1\u0159e <strong>\u010cesk\u00fdch Aerolini\u00ed<\/strong>, <strong>\u010cesk\u00fdch drah<\/strong>, <strong>CzechTradu\/CzechInvestu<\/strong>, <strong>CzechTourismu<\/strong>, <strong>\u010cesk\u00e9ho centra<\/strong>, \u010cesk\u00e9 podnikatelsk\u00e9 reprezentace <strong>CEBRE<\/strong>, <strong>velvyslanectv\u00ed \u010cR v Belgii<\/strong> a v\u00a0neposledn\u00ed \u0159ad\u011b vzniklo i <strong>\u201ekrajsk\u00e9 patro\u201c<\/strong>, kde byly kancel\u00e1\u0159e pro v\u0161echny \u010desk\u00e9 kraje. Ne v\u0161echny kraje ale t\u00e9to mo\u017enosti vyu\u017eily \u2013 mimo z\u016fstaly:<\/p>\n\n\n\n<ul class=\"wp-block-list\">\n<li><strong>Hlavn\u00ed m\u011bsto Praha<\/strong>, proto\u017ee m\u00e1 z\u00e1zem\u00ed ve vlastn\u00edm dom\u011b v\u00a0Bruselu na adrese Avenue Palmerston 16 ji\u017e od \u010dervna 2002<\/li>\n\n\n\n<li><strong>St\u0159edo\u010desk\u00fd kraj<\/strong>, kter\u00fd m\u011bl tehdy pronajat\u00e1 vlastn\u00ed d\u016fm na adrese Avenue d\u00b4Audergham 45, Brusel-Etterbeek<\/li>\n\n\n\n<li><strong>Jiho\u010desk\u00fd kraj<\/strong>, kter\u00fd si podpronajal kancel\u00e1\u0159 u St\u0159edo\u010desk\u00e9ho kraje<\/li>\n\n\n\n<li><strong>Libereck\u00fd kraj<\/strong>, kter\u00fd si rovn\u011b\u017e podpronajal kancel\u00e1\u0159 u St\u0159edo\u010desk\u00e9ho kraje<\/li>\n\n\n\n<li><strong>Zl\u00ednsk\u00fd <\/strong>a <strong>Olomouck\u00fd kraj<\/strong>, kter\u00e9 byly zastupov\u00e1ny lobbystickou agenturou<\/li>\n<\/ul>\n\n\n\n<p>V&nbsp;<strong>\u010cesk\u00e9m dom\u011b <\/strong>tak byla s\u00eddla kancel\u00e1\u0159\u00ed Jihomoravsk\u00e9ho kraje, Karlovarsk\u00e9ho kraje, Kr\u00e1lovehradeck\u00e9ho kraje, Moravskoslezsk\u00e9ho kraje, Pardubick\u00e9ho kraje, Plze\u0148sk\u00e9ho kraje, \u00dasteck\u00e9ho kraje a Vyso\u010diny.<\/p>\n<\/div>\n<\/div>\n\n\n\n<h3 class=\"wp-block-heading\">Nov\u00fd z\u00e1stupce Plze\u0148sk\u00e9ho domu<\/h3>\n\n\n\n<div class=\"wp-block-columns is-layout-flex wp-container-core-columns-is-layout-9d6595d7 wp-block-columns-is-layout-flex\">\n<div class=\"wp-block-column is-layout-flow wp-block-column-is-layout-flow\" style=\"flex-basis:100%\">\n<p>V\u00a0t\u00e9 dob\u011b ji\u017e byl z\u00e1stupcem Plze\u0148sk\u00e9ho kraje v\u00a0Bruselu <strong>Mgr. Zbyn\u011bk Prokop<\/strong>, kter\u00fd p\u0159evzal agendu po Karlu Lizerotovi od 1. ledna 2007. Projekt \u010cesk\u00e9ho domu v\u00a0Bruselu, kter\u00fd by pod jednou st\u0159echou poskytl z\u00e1zem\u00ed v\u0161em \u010desk\u00fdm kancel\u00e1\u0159\u00edm v\u00a0Bruselu a to za v\u00fdhodn\u00fdch podm\u00ednek, byl velice dobr\u00fdm z\u00e1m\u011brem. Bohu\u017eel p\u0159\u00edli\u0161 dobr\u00fdm na to, aby p\u0159e\u017eil \u2013 \u010cesk\u00e1 republika nedot\u00e1hla do konce n\u00e1kup pronajat\u00e9ho objektu, tak\u017ee <strong>projekt \u010cesk\u00e9ho domu v\u00a0Bruselu v\u00a0roce 2011 kon\u010d\u00ed<\/strong>.\u00a0<\/p>\n<\/div>\n<\/div>\n\n\n\n<figure class=\"wp-block-gallery has-nested-images columns-default is-cropped wp-block-gallery-1 is-layout-flex wp-block-gallery-is-layout-flex\">\n<figure data-wp-context=\"{&quot;imageId&quot;:&quot;69f862237efc2&quot;}\" data-wp-interactive=\"core\/image\" data-wp-key=\"69f862237efc2\" class=\"wp-block-image size-large wp-lightbox-container\"><img loading=\"lazy\" decoding=\"async\" width=\"1200\" height=\"1200\" data-wp-class--hide=\"state.isContentHidden\" data-wp-class--show=\"state.isContentVisible\" data-wp-init=\"callbacks.setButtonStyles\" data-wp-on--click=\"actions.showLightbox\" data-wp-on--load=\"callbacks.setButtonStyles\" data-wp-on-window--resize=\"callbacks.setButtonStyles\" data-id=\"248\" src=\"https:\/\/admin.zpkb.eu\/wp-content\/uploads\/2026\/03\/PD1.jpg\" alt=\"Maison de Pilsen le soir\" class=\"wp-image-248\" srcset=\"https:\/\/admin.zpkb.eu\/wp-content\/uploads\/2026\/03\/PD1.jpg 1200w, https:\/\/admin.zpkb.eu\/wp-content\/uploads\/2026\/03\/PD1-1000x1000.jpg 1000w, https:\/\/admin.zpkb.eu\/wp-content\/uploads\/2026\/03\/PD1-500x500.jpg 500w, https:\/\/admin.zpkb.eu\/wp-content\/uploads\/2026\/03\/PD1-768x768.jpg 768w\" sizes=\"auto, (max-width: 1200px) 100vw, 1200px\" \/><button\n\t\t\tclass=\"lightbox-trigger\"\n\t\t\ttype=\"button\"\n\t\t\taria-haspopup=\"dialog\"\n\t\t\taria-label=\"Zv\u011bt\u0161it\"\n\t\t\tdata-wp-init=\"callbacks.initTriggerButton\"\n\t\t\tdata-wp-on--click=\"actions.showLightbox\"\n\t\t\tdata-wp-style--right=\"state.imageButtonRight\"\n\t\t\tdata-wp-style--top=\"state.imageButtonTop\"\n\t\t>\n\t\t\t<svg xmlns=\"http:\/\/www.w3.org\/2000\/svg\" width=\"12\" height=\"12\" fill=\"none\" viewBox=\"0 0 12 12\">\n\t\t\t\t<path fill=\"#fff\" d=\"M2 0a2 2 0 0 0-2 2v2h1.5V2a.5.5 0 0 1 .5-.5h2V0H2Zm2 10.5H2a.5.5 0 0 1-.5-.5V8H0v2a2 2 0 0 0 2 2h2v-1.5ZM8 12v-1.5h2a.5.5 0 0 0 .5-.5V8H12v2a2 2 0 0 1-2 2H8Zm2-12a2 2 0 0 1 2 2v2h-1.5V2a.5.5 0 0 0-.5-.5H8V0h2Z\" \/>\n\t\t\t<\/svg>\n\t\t<\/button><\/figure>\n\n\n\n<figure data-wp-context=\"{&quot;imageId&quot;:&quot;69f862237f226&quot;}\" data-wp-interactive=\"core\/image\" data-wp-key=\"69f862237f226\" class=\"wp-block-image size-large wp-lightbox-container\"><img loading=\"lazy\" decoding=\"async\" width=\"1200\" height=\"1200\" data-wp-class--hide=\"state.isContentHidden\" data-wp-class--show=\"state.isContentVisible\" data-wp-init=\"callbacks.setButtonStyles\" data-wp-on--click=\"actions.showLightbox\" data-wp-on--load=\"callbacks.setButtonStyles\" data-wp-on-window--resize=\"callbacks.setButtonStyles\" data-id=\"253\" src=\"https:\/\/admin.zpkb.eu\/wp-content\/uploads\/2026\/03\/ZP.jpg\" alt=\"Zbyn\u011bk Prokop\" class=\"wp-image-253\" srcset=\"https:\/\/admin.zpkb.eu\/wp-content\/uploads\/2026\/03\/ZP.jpg 1200w, https:\/\/admin.zpkb.eu\/wp-content\/uploads\/2026\/03\/ZP-1000x1000.jpg 1000w, https:\/\/admin.zpkb.eu\/wp-content\/uploads\/2026\/03\/ZP-500x500.jpg 500w, https:\/\/admin.zpkb.eu\/wp-content\/uploads\/2026\/03\/ZP-768x768.jpg 768w\" sizes=\"auto, (max-width: 1200px) 100vw, 1200px\" \/><button\n\t\t\tclass=\"lightbox-trigger\"\n\t\t\ttype=\"button\"\n\t\t\taria-haspopup=\"dialog\"\n\t\t\taria-label=\"Zv\u011bt\u0161it\"\n\t\t\tdata-wp-init=\"callbacks.initTriggerButton\"\n\t\t\tdata-wp-on--click=\"actions.showLightbox\"\n\t\t\tdata-wp-style--right=\"state.imageButtonRight\"\n\t\t\tdata-wp-style--top=\"state.imageButtonTop\"\n\t\t>\n\t\t\t<svg xmlns=\"http:\/\/www.w3.org\/2000\/svg\" width=\"12\" height=\"12\" fill=\"none\" viewBox=\"0 0 12 12\">\n\t\t\t\t<path fill=\"#fff\" d=\"M2 0a2 2 0 0 0-2 2v2h1.5V2a.5.5 0 0 1 .5-.5h2V0H2Zm2 10.5H2a.5.5 0 0 1-.5-.5V8H0v2a2 2 0 0 0 2 2h2v-1.5ZM8 12v-1.5h2a.5.5 0 0 0 .5-.5V8H12v2a2 2 0 0 1-2 2H8Zm2-12a2 2 0 0 1 2 2v2h-1.5V2a.5.5 0 0 0-.5-.5H8V0h2Z\" \/>\n\t\t\t<\/svg>\n\t\t<\/button><\/figure>\n\n\n\n<figure data-wp-context=\"{&quot;imageId&quot;:&quot;69f862237f43d&quot;}\" data-wp-interactive=\"core\/image\" data-wp-key=\"69f862237f43d\" class=\"wp-block-image size-large wp-lightbox-container\"><img loading=\"lazy\" decoding=\"async\" width=\"1200\" height=\"1200\" data-wp-class--hide=\"state.isContentHidden\" data-wp-class--show=\"state.isContentVisible\" data-wp-init=\"callbacks.setButtonStyles\" data-wp-on--click=\"actions.showLightbox\" data-wp-on--load=\"callbacks.setButtonStyles\" data-wp-on-window--resize=\"callbacks.setButtonStyles\" data-id=\"250\" src=\"https:\/\/admin.zpkb.eu\/wp-content\/uploads\/2026\/03\/PD2.jpg\" alt=\"Maison de Pilsen\" class=\"wp-image-250\" srcset=\"https:\/\/admin.zpkb.eu\/wp-content\/uploads\/2026\/03\/PD2.jpg 1200w, https:\/\/admin.zpkb.eu\/wp-content\/uploads\/2026\/03\/PD2-1000x1000.jpg 1000w, https:\/\/admin.zpkb.eu\/wp-content\/uploads\/2026\/03\/PD2-500x500.jpg 500w, https:\/\/admin.zpkb.eu\/wp-content\/uploads\/2026\/03\/PD2-768x768.jpg 768w\" sizes=\"auto, (max-width: 1200px) 100vw, 1200px\" \/><button\n\t\t\tclass=\"lightbox-trigger\"\n\t\t\ttype=\"button\"\n\t\t\taria-haspopup=\"dialog\"\n\t\t\taria-label=\"Zv\u011bt\u0161it\"\n\t\t\tdata-wp-init=\"callbacks.initTriggerButton\"\n\t\t\tdata-wp-on--click=\"actions.showLightbox\"\n\t\t\tdata-wp-style--right=\"state.imageButtonRight\"\n\t\t\tdata-wp-style--top=\"state.imageButtonTop\"\n\t\t>\n\t\t\t<svg xmlns=\"http:\/\/www.w3.org\/2000\/svg\" width=\"12\" height=\"12\" fill=\"none\" viewBox=\"0 0 12 12\">\n\t\t\t\t<path fill=\"#fff\" d=\"M2 0a2 2 0 0 0-2 2v2h1.5V2a.5.5 0 0 1 .5-.5h2V0H2Zm2 10.5H2a.5.5 0 0 1-.5-.5V8H0v2a2 2 0 0 0 2 2h2v-1.5ZM8 12v-1.5h2a.5.5 0 0 0 .5-.5V8H12v2a2 2 0 0 1-2 2H8Zm2-12a2 2 0 0 1 2 2v2h-1.5V2a.5.5 0 0 0-.5-.5H8V0h2Z\" \/>\n\t\t\t<\/svg>\n\t\t<\/button><\/figure>\n<\/figure>\n\n\n\n<div style=\"height:70px\" aria-hidden=\"true\" class=\"wp-block-spacer\"><\/div>\n","protected":false},"excerpt":{"rendered":"<p>Prosazujeme z\u00e1jmy Plze\u0148sk\u00e9ho kraje v\u00a0Evropsk\u00e9 komisi, Evropsk\u00e9m parlamentu a ve V\u00fdboru region\u016f. Sledujeme v\u00fdvoj politik EU, kter\u00e9 maj\u00ed z\u00e1sadn\u00ed vliv na n\u00e1\u0161 kraj. Zvy\u0161ujeme pov\u011bdom\u00ed o na\u0161em kraji v Bruselu propojov\u00e1n\u00edm kultur i byznysu.<\/p>\n","protected":false},"author":2,"featured_media":0,"parent":0,"menu_order":0,"comment_status":"closed","ping_status":"open","template":"","meta":{"footnotes":""},"class_list":["post-2","page","type-page","status-publish","hentry"],"_links":{"self":[{"href":"https:\/\/admin.zpkb.eu\/cs\/wp-json\/wp\/v2\/pages\/2","targetHints":{"allow":["GET"]}}],"collection":[{"href":"https:\/\/admin.zpkb.eu\/cs\/wp-json\/wp\/v2\/pages"}],"about":[{"href":"https:\/\/admin.zpkb.eu\/cs\/wp-json\/wp\/v2\/types\/page"}],"author":[{"embeddable":true,"href":"https:\/\/admin.zpkb.eu\/cs\/wp-json\/wp\/v2\/users\/2"}],"replies":[{"embeddable":true,"href":"https:\/\/admin.zpkb.eu\/cs\/wp-json\/wp\/v2\/comments?post=2"}],"version-history":[{"count":56,"href":"https:\/\/admin.zpkb.eu\/cs\/wp-json\/wp\/v2\/pages\/2\/revisions"}],"predecessor-version":[{"id":665,"href":"https:\/\/admin.zpkb.eu\/cs\/wp-json\/wp\/v2\/pages\/2\/revisions\/665"}],"wp:attachment":[{"href":"https:\/\/admin.zpkb.eu\/cs\/wp-json\/wp\/v2\/media?parent=2"}],"curies":[{"name":"wp","href":"https:\/\/api.w.org\/{rel}","templated":true}]}}