{"id":202,"date":"2026-02-27T16:43:32","date_gmt":"2026-02-27T15:43:32","guid":{"rendered":"https:\/\/admin.zpkb.eu\/?page_id=202"},"modified":"2026-03-13T12:16:38","modified_gmt":"2026-03-13T11:16:38","slug":"faq","status":"publish","type":"page","link":"https:\/\/admin.zpkb.eu\/cs\/faq\/","title":{"rendered":"FAQ"},"content":{"rendered":"\n<ol class=\"wp-block-list\">\n<li><strong>Jak dlouho trvaj\u00ed st\u00e1\u017ee na Zastoupen\u00ed Plze\u0148sk\u00e9ho kraje?<\/strong>\n<ul class=\"wp-block-list\">\n<li>Minim\u00e1ln\u00ed d\u00e9lka st\u00e1\u017ee pro studenty je v d\u00e9lce 3 m\u011bs\u00edc\u016f.<\/li>\n<\/ul>\n<\/li>\n<\/ol>\n\n\n\n<p><\/p>\n","protected":false},"excerpt":{"rendered":"<p>Zde najdete nej\u010dast\u011bji kladen\u00e9 dotazy.<\/p>\n","protected":false},"author":2,"featured_media":0,"parent":0,"menu_order":0,"comment_status":"closed","ping_status":"closed","template":"","meta":{"footnotes":""},"class_list":["post-202","page","type-page","status-publish","hentry"],"_links":{"self":[{"href":"https:\/\/admin.zpkb.eu\/cs\/wp-json\/wp\/v2\/pages\/202","targetHints":{"allow":["GET"]}}],"collection":[{"href":"https:\/\/admin.zpkb.eu\/cs\/wp-json\/wp\/v2\/pages"}],"about":[{"href":"https:\/\/admin.zpkb.eu\/cs\/wp-json\/wp\/v2\/types\/page"}],"author":[{"embeddable":true,"href":"https:\/\/admin.zpkb.eu\/cs\/wp-json\/wp\/v2\/users\/2"}],"replies":[{"embeddable":true,"href":"https:\/\/admin.zpkb.eu\/cs\/wp-json\/wp\/v2\/comments?post=202"}],"version-history":[{"count":13,"href":"https:\/\/admin.zpkb.eu\/cs\/wp-json\/wp\/v2\/pages\/202\/revisions"}],"predecessor-version":[{"id":589,"href":"https:\/\/admin.zpkb.eu\/cs\/wp-json\/wp\/v2\/pages\/202\/revisions\/589"}],"wp:attachment":[{"href":"https:\/\/admin.zpkb.eu\/cs\/wp-json\/wp\/v2\/media?parent=202"}],"curies":[{"name":"wp","href":"https:\/\/api.w.org\/{rel}","templated":true}]}}