{"id":205,"date":"2026-02-27T16:43:48","date_gmt":"2026-02-27T15:43:48","guid":{"rendered":"https:\/\/admin.zpkb.eu\/?page_id=205"},"modified":"2026-04-19T13:54:28","modified_gmt":"2026-04-19T11:54:28","slug":"akce","status":"publish","type":"page","link":"https:\/\/admin.zpkb.eu\/cs\/akce\/","title":{"rendered":"Akce"},"content":{"rendered":"\n<h3 class=\"wp-block-heading\"><strong>23. dubna 2026 od 18:30: Vernis\u00e1\u017e v\u00fdstavy o Bohumilu Kone\u010dn\u00e9m<\/strong><\/h3>\n\n\n\n<p>V\u00fdjime\u010dn\u00fd a dnes znovu objevovan\u00fd mal\u00ed\u0159 a ilustr\u00e1tor 2. poloviny 20. stolet\u00ed Bohumil Kone\u010dn\u00fd byl mistrem dynamick\u00fdch dobrodru\u017en\u00fdch ilustrac\u00ed a kreseb kr\u00e1sn\u00fdch \u017een. A generace Hus\u00e1kov\u00fdch d\u011bt\u00ed a star\u0161\u00ed budou zn\u00e1t jeho ilustrace z knih Jaroslava Foglara a Otakara Batli\u010dky. Byl tak\u00e9 autorem \u0159ady reklamn\u00edch plak\u00e1t\u016f. Jeho kari\u00e9ru velmi poznamenala af\u00e9ra s komiksovou hrdinkou Amazonou \u2013 Octobrianou, kterou obdivoval i David Bowie.<\/p>\n\n\n\n<p>K\u00e1ja Saudek o n\u011bm napsal:&nbsp;<em>\u201eNejv\u00edc m\u011b ovlivnil Bohumil Kone\u010dn\u00fd, to je jm\u00e9no, kter\u00e9 dnes u\u017e asi nikomu nic ne\u0159ekne. To byl \u010dlov\u011bk, kter\u00fd um\u011bl v roce t\u0159icet sedm nebo t\u0159icet osm to, co dnes v Americe um\u00ed sotva p\u00e1r des\u00edtek mal\u00ed\u0159\u016f. Byl neporovnateln\u00fd s \u010d\u00edmkoli. I Zden\u011bk Burian, co\u017e je v\u011bhlasn\u00e9 jm\u00e9no, kter\u00e9 uzn\u00e1v\u00e1m, byl proti n\u011bmu b\u0159\u00eddil.&nbsp;Tento Bohumil Kone\u010dn\u00fd, zcela zapomenut a za \u017eivota neuzn\u00e1n, byl absolutn\u00ed g\u00e9nius, kter\u00fd u\u017e jen tak nebude. To, co um\u00edm, m\u011b nau\u010dil on.\u201c<\/em><\/p>\n\n\n\n<p>Jako obvykle se o ob\u010derstven\u00ed postar\u00e1 zn\u00e1m\u00fd bruselsk\u00fd kulin\u00e1\u0159 Ji\u0159\u00ed Sikora a ke zp\u0159\u00edjemn\u011bn\u00ed atmosf\u00e9ry akce p\u0159isp\u011bj\u00ed p\u011bveck\u00fdm vystoupen\u00edm studenti Gymn\u00e1zia na Mikul\u00e1\u0161sk\u00e9m n\u00e1m\u011bst\u00ed v&nbsp;Plzni.<\/p>\n\n\n\n<p>Potvrzen\u00ed sv\u00e9 \u00fa\u010dasti, pros\u00edm, pi\u0161t\u011b na <a href=\"mailto: info@zpkb.eu\"><strong>info@zpkb.eu<\/strong><\/a><\/p>\n\n\n\n<figure class=\"wp-block-image size-medium\"><img loading=\"lazy\" decoding=\"async\" width=\"1000\" height=\"687\" src=\"https:\/\/admin.zpkb.eu\/wp-content\/uploads\/koncny-1000x687.jpg\" alt=\"Bohumil Konecny\" class=\"wp-image-701\" srcset=\"https:\/\/admin.zpkb.eu\/wp-content\/uploads\/koncny-1000x687.jpg 1000w, https:\/\/admin.zpkb.eu\/wp-content\/uploads\/koncny-1500x1030.jpg 1500w, https:\/\/admin.zpkb.eu\/wp-content\/uploads\/koncny-768x528.jpg 768w, https:\/\/admin.zpkb.eu\/wp-content\/uploads\/koncny-1536x1055.jpg 1536w, https:\/\/admin.zpkb.eu\/wp-content\/uploads\/koncny-2048x1407.jpg 2048w\" sizes=\"auto, (max-width: 1000px) 100vw, 1000px\" \/><\/figure>\n\n\n\n<div style=\"height:40px\" aria-hidden=\"true\" class=\"wp-block-spacer\"><\/div>\n\n\n\n<h3 class=\"wp-block-heading\"><strong>26. \u010dervna 2026: Czech Street Part<\/strong><\/h3>\n\n\n\n<p>Tradi\u010dn\u011b jde o nejv\u011bt\u0161\u00ed \u010deskou kulturn\u00ed akci v Bruselu.<\/p>\n\n\n\n<p>Program zahrnuje <strong>\u010deskou hudbu, j\u00eddlo, pivo a prezentaci \u010desk\u00fdch region\u016f a instituc\u00ed.<\/strong><\/p>\n\n\n\n<p><\/p>\n","protected":false},"excerpt":{"rendered":"<p>Co n\u00e1s v roce 2026 \u010dek\u00e1?<\/p>\n","protected":false},"author":2,"featured_media":0,"parent":0,"menu_order":0,"comment_status":"closed","ping_status":"closed","template":"","meta":{"footnotes":""},"class_list":["post-205","page","type-page","status-publish","hentry"],"_links":{"self":[{"href":"https:\/\/admin.zpkb.eu\/cs\/wp-json\/wp\/v2\/pages\/205","targetHints":{"allow":["GET"]}}],"collection":[{"href":"https:\/\/admin.zpkb.eu\/cs\/wp-json\/wp\/v2\/pages"}],"about":[{"href":"https:\/\/admin.zpkb.eu\/cs\/wp-json\/wp\/v2\/types\/page"}],"author":[{"embeddable":true,"href":"https:\/\/admin.zpkb.eu\/cs\/wp-json\/wp\/v2\/users\/2"}],"replies":[{"embeddable":true,"href":"https:\/\/admin.zpkb.eu\/cs\/wp-json\/wp\/v2\/comments?post=205"}],"version-history":[{"count":5,"href":"https:\/\/admin.zpkb.eu\/cs\/wp-json\/wp\/v2\/pages\/205\/revisions"}],"predecessor-version":[{"id":703,"href":"https:\/\/admin.zpkb.eu\/cs\/wp-json\/wp\/v2\/pages\/205\/revisions\/703"}],"wp:attachment":[{"href":"https:\/\/admin.zpkb.eu\/cs\/wp-json\/wp\/v2\/media?parent=205"}],"curies":[{"name":"wp","href":"https:\/\/api.w.org\/{rel}","templated":true}]}}