{"id":374,"date":"2026-03-06T10:00:55","date_gmt":"2026-03-06T09:00:55","guid":{"rendered":"https:\/\/admin.zpkb.eu\/?page_id=374"},"modified":"2026-03-06T22:24:36","modified_gmt":"2026-03-06T21:24:36","slug":"zasady-ochrany-osobnich-udaju","status":"publish","type":"page","link":"https:\/\/admin.zpkb.eu\/cs\/zasady-ochrany-osobnich-udaju\/","title":{"rendered":"Z\u00e1sady ochrany osobn\u00edch \u00fadaj\u016f"},"content":{"rendered":"\n<p><strong>Prohl\u00e1\u0161en\u00ed o zpracov\u00e1n\u00ed osobn\u00edch \u00fadaj\u016f<\/strong><\/p>\n\n\n\n<p>Prohl\u00e1\u0161en\u00ed o zpracov\u00e1n\u00ed osobn\u00edch \u00fadaj\u016f dle Na\u0159\u00edzen\u00ed Evropsk\u00e9ho parlamentu a Rady (EU) 2016\/679 ze dne 27. dubna 2016 o ochran\u011b fyzick\u00fdch osob v&nbsp;souvislosti se zpracov\u00e1n\u00edm osobn\u00edch \u00fadaj\u016f a o voln\u00e9m pohybu t\u011bchto \u00fadaj\u016f a o zru\u0161en\u00ed sm\u011brnice 95\/46\/ES (d\u00e1le jen \u201eObecn\u00e9 na\u0159\u00edzen\u00ed\u201c) a pou\u010den\u00ed subjekt\u016f \u00fadaj\u016f.<\/p>\n\n\n\n<p><strong>Spr\u00e1vce osobn\u00edch \u00fadaj\u016f<\/strong><\/p>\n\n\n\n<p>Plze\u0148sk\u00fd kraj, Krajsk\u00fd \u00fa\u0159ad Plze\u0148sk\u00e9ho kraje, I\u010cO: 70890366, se s\u00eddlem \u0160kroupova 18, 306 13 Plze\u0148&nbsp;(d\u00e1le jen \u201eSpr\u00e1vce\u201c), t\u00edmto v&nbsp;souladu s&nbsp;\u010dl. 12 Obecn\u00e9ho na\u0159\u00edzen\u00ed informuje subjekty \u00fadaj\u016f o zpracov\u00e1n\u00ed osobn\u00edch \u00fadaj\u016f a o jejich pr\u00e1vech.<\/p>\n\n\n\n<p><strong>Rozsah zpracov\u00e1n\u00ed osobn\u00edch \u00fadaj\u016f<\/strong><\/p>\n\n\n\n<p>Osobn\u00ed \u00fadaje jsou zpracov\u00e1ny v&nbsp;rozsahu, v jak\u00e9m je p\u0159\u00edslu\u0161n\u00fd subjekt \u00fadaj\u016f Spr\u00e1vci poskytl, a to v&nbsp;souvislosti s&nbsp;uzav\u0159en\u00edm smluvn\u00edho \u010di jin\u00e9ho pr\u00e1vn\u00edho vztahu se Spr\u00e1vcem, nebo kter\u00e9 Spr\u00e1vce shrom\u00e1\u017edil jinak a zpracov\u00e1v\u00e1 je v&nbsp;souladu s&nbsp;platn\u00fdmi pr\u00e1vn\u00edmi p\u0159edpisy \u010di k&nbsp;pln\u011bn\u00ed z\u00e1konn\u00fdch povinnost\u00ed Spr\u00e1vce.<\/p>\n\n\n\n<p><strong>Zdroje osobn\u00edch \u00fadaj\u016f<\/strong><\/p>\n\n\n\n<ul class=\"wp-block-list\">\n<li>p\u0159\u00edmo od subjektu \u00fadaj\u016f (kontaktn\u00ed formul\u00e1\u0159 na webov\u00fdch str\u00e1nk\u00e1ch Plze\u0148sk\u00e9ho kraje),<\/li>\n\n\n\n<li>od jin\u00fdch org\u00e1n\u016f ve\u0159ejn\u00e9 \u010di st\u00e1tn\u00ed spr\u00e1vy,<\/li>\n\n\n\n<li>neve\u0159ejn\u00e9 registry (ISEO, ROB),<\/li>\n\n\n\n<li>ve\u0159ejn\u011b p\u0159\u00edstupn\u00e9 registry, rejst\u0159\u00edky, seznamy a evidence (ROS, R\u00daIAN, obchodn\u00ed rejst\u0159\u00edk, \u017eivnostensk\u00fd rejst\u0159\u00edk, katastr nemovitost\u00ed apod.).<\/li>\n<\/ul>\n\n\n\n<p><strong>Kategorie osobn\u00edch \u00fadaj\u016f, kter\u00e9 jsou p\u0159edm\u011btem zpracov\u00e1n\u00ed<\/strong><\/p>\n\n\n\n<ul class=\"wp-block-list\">\n<li>adresn\u00ed a identifika\u010dn\u00ed \u00fadaje slou\u017e\u00edc\u00ed k&nbsp;jednozna\u010dn\u00e9 a nezam\u011bniteln\u00e9 identifikaci subjektu \u00fadaj\u016f (nap\u0159. jm\u00e9no, p\u0159\u00edjmen\u00ed, titul, datum narozen\u00ed, adresa trval\u00e9ho pobytu, I\u010cO, DI\u010c) a \u00fadaje umo\u017e\u0148uj\u00edc\u00ed kontakt se subjektem \u00fadaj\u016f (kontaktn\u00ed \u00fadaje &#8211; nap\u0159. kontaktn\u00ed adresa, \u010d\u00edslo telefonu, \u010d\u00edslo faxu, e-mailov\u00e1 adresa a jin\u00e9 podobn\u00e9 informace),<\/li>\n\n\n\n<li>popisn\u00e9 \u00fadaje (nap\u0159. bankovn\u00ed spojen\u00ed),<\/li>\n\n\n\n<li>dal\u0161\u00ed \u00fadaje nezbytn\u00e9 pro pln\u011bn\u00ed smlouvy,<\/li>\n\n\n\n<li>\u00fadaje poskytnut\u00e9 nad r\u00e1mec p\u0159\u00edslu\u0161n\u00fdch z\u00e1kon\u016f zpracov\u00e1van\u00e9 v&nbsp;r\u00e1mci ud\u011blen\u00e9ho souhlasu ze strany subjektu \u00fadaj\u016f (zpracov\u00e1n\u00ed fotografi\u00ed, pou\u017eit\u00ed osobn\u00edch \u00fadaj\u016f za \u00fa\u010delem person\u00e1ln\u00edch \u0159\u00edzen\u00ed aj.).<\/li>\n<\/ul>\n\n\n\n<p><strong>Kategorie subjekt\u016f \u00fadaj\u016f<\/strong><\/p>\n\n\n\n<ul class=\"wp-block-list\">\n<li>zam\u011bstnanec Spr\u00e1vce,<\/li>\n\n\n\n<li>org\u00e1n dozoru,<\/li>\n\n\n\n<li>jin\u00e1 osoba ve smluvn\u00edm vztahu ke Spr\u00e1vci,<\/li>\n\n\n\n<li>uchaze\u010d o zam\u011bstn\u00e1n\u00ed.<\/li>\n<\/ul>\n\n\n\n<p><strong>Kategorie p\u0159\u00edjemc\u016f osobn\u00edch \u00fadaj\u016f<\/strong><\/p>\n\n\n\n<ul class=\"wp-block-list\">\n<li>org\u00e1ny dozoru,<\/li>\n\n\n\n<li>org\u00e1ny finan\u010dn\u00ed spr\u00e1vy,<\/li>\n\n\n\n<li>org\u00e1ny ve\u0159ejn\u00e9 spr\u00e1vy,<\/li>\n\n\n\n<li>zpracovatel,<\/li>\n\n\n\n<li>st\u00e1tn\u00ed aj. org\u00e1ny v&nbsp;r\u00e1mci pln\u011bn\u00ed z\u00e1konn\u00fdch povinnost\u00ed stanoven\u00fdch p\u0159\u00edslu\u0161n\u00fdmi pr\u00e1vn\u00edmi p\u0159edpisy,<\/li>\n\n\n\n<li>dal\u0161\u00ed p\u0159\u00edjemci.<\/li>\n<\/ul>\n\n\n\n<p><strong>\u00da\u010del zpracov\u00e1n\u00ed osobn\u00edch \u00fadaj\u016f<\/strong><\/p>\n\n\n\n<ul class=\"wp-block-list\">\n<li>\u00fa\u010dely obsa\u017een\u00e9 v&nbsp;r\u00e1mci souhlasu subjektu \u00fadaj\u016f,<\/li>\n\n\n\n<li>jedn\u00e1n\u00ed o smluvn\u00edm vztahu,<\/li>\n\n\n\n<li>pln\u011bn\u00ed smlouvy,<\/li>\n\n\n\n<li>ochrana pr\u00e1v Spr\u00e1vce, p\u0159\u00edjemce nebo jin\u00fdch dot\u010den\u00fdch osob (nap\u0159. vym\u00e1h\u00e1n\u00ed pohled\u00e1vek Spr\u00e1vce),<\/li>\n\n\n\n<li>archivnictv\u00ed veden\u00e9 na z\u00e1klad\u011b z\u00e1kona,<\/li>\n\n\n\n<li>v\u00fdb\u011brov\u00e1 \u0159\u00edzen\u00ed na voln\u00e1 pracovn\u00ed m\u00edsta,<\/li>\n\n\n\n<li>pln\u011bn\u00ed z\u00e1konn\u00fdch povinnost\u00ed ze strany Spr\u00e1vce,<\/li>\n\n\n\n<li>ochrana \u017eivotn\u011b d\u016fle\u017eit\u00fdch z\u00e1jm\u016f subjektu \u00fadaj\u016f.<\/li>\n<\/ul>\n\n\n\n<p><strong>Zp\u016fsob zpracov\u00e1n\u00ed a ochrany osobn\u00edch \u00fadaj\u016f<\/strong><\/p>\n\n\n\n<p>Zpracov\u00e1n\u00ed osobn\u00edch \u00fadaj\u016f prov\u00e1d\u00ed Spr\u00e1vce. Zpracov\u00e1n\u00ed je prov\u00e1d\u011bno v s\u00eddle Spr\u00e1vce jednotliv\u00fdmi pov\u011b\u0159en\u00fdmi zam\u011bstnanci Spr\u00e1vce, p\u0159\u00edp. zpracovatelem. Ke zpracov\u00e1n\u00ed doch\u00e1z\u00ed prost\u0159ednictv\u00edm v\u00fdpo\u010detn\u00ed techniky, pop\u0159. i manu\u00e1ln\u00edm zp\u016fsobem u osobn\u00edch \u00fadaj\u016f v&nbsp;listinn\u00e9 podob\u011b za dodr\u017een\u00ed v\u0161ech bezpe\u010dnostn\u00edch z\u00e1sad pro spr\u00e1vu a zpracov\u00e1n\u00ed osobn\u00edch \u00fadaj\u016f. Za t\u00edmto p\u0159ijal Spr\u00e1vce technickoorganiza\u010dn\u00ed opat\u0159en\u00ed k&nbsp;zaji\u0161t\u011bn\u00ed ochrany osobn\u00edch \u00fadaj\u016f, zejm\u00e9na opat\u0159en\u00ed, aby nemohlo doj\u00edt k&nbsp;neopr\u00e1vn\u011bn\u00e9mu a nahodil\u00e9mu p\u0159\u00edstupu k&nbsp;osobn\u00edm \u00fadaj\u016fm, jejich zm\u011bn\u011b, zni\u010den\u00ed \u010di ztr\u00e1t\u011b, neopr\u00e1vn\u011bn\u00fdm p\u0159enos\u016fm, k&nbsp;jejich neopr\u00e1vn\u011bn\u00e9mu zpracov\u00e1n\u00ed, jako\u017e i k&nbsp;jin\u00e9mu zneu\u017eit\u00ed osobn\u00edch \u00fadaj\u016f. Ve\u0161ker\u00e9 subjekty, kter\u00fdm mohou b\u00fdt osobn\u00ed \u00fadaje zp\u0159\u00edstupn\u011bny, respektuj\u00ed pr\u00e1vo subjekt\u016f \u00fadaj\u016f na ochranu soukrom\u00ed a jsou povinny postupovat dle platn\u00fdch pr\u00e1vn\u00edch p\u0159edpis\u016f t\u00fdkaj\u00edc\u00edch se ochrany osobn\u00edch \u00fadaj\u016f.<\/p>\n\n\n\n<p>Spr\u00e1vce se zavazuje s&nbsp;osobn\u00edmi \u00fadaji nakl\u00e1dat v souladu s platn\u00fdmi pr\u00e1vn\u00edmi p\u0159edpisy a u\u017e\u00edvat je pouze v rozsahu nezbytn\u00e9m pro napln\u011bn\u00ed \u00fa\u010delu, pro kter\u00fd jsou osobn\u00ed \u00fadaje z\u00edsk\u00e1v\u00e1ny a v\u017edy tak, aby zamezil jak\u00e9koliv \u00fajm\u011b osoby, kter\u00e9 se \u00fadaje t\u00fdkaj\u00ed.<\/p>\n\n\n\n<p>V&nbsp;p\u0159\u00edpadech, kdy by cht\u011bl Spr\u00e1vce zp\u0159\u00edstupnit osobn\u00ed \u00fadaje t\u0159et\u00edm osob\u00e1m a v&nbsp;p\u0159\u00edpad\u011b, \u017ee je vy\u017eadov\u00e1n souhlas subjektu \u00fadaj\u016f se zpracov\u00e1n\u00edm osobn\u00edch \u00fadaj\u016f, bude subjekt \u00fadaj\u016f o takov\u00fd souhlas po\u017e\u00e1d\u00e1n, nap\u0159. p\u0159i uzav\u00edr\u00e1n\u00ed smlouvy.<\/p>\n\n\n\n<p><strong>Doba zpracov\u00e1n\u00ed osobn\u00edch \u00fadaj\u016f<\/strong><\/p>\n\n\n\n<p>V&nbsp;souladu s&nbsp;lh\u016ftami uveden\u00fdmi v&nbsp;p\u0159\u00edslu\u0161n\u00fdch smlouv\u00e1ch, ve spisov\u00e9m a skarta\u010dn\u00edm \u0159\u00e1du Spr\u00e1vce \u010di v&nbsp;p\u0159\u00edslu\u0161n\u00fdch pr\u00e1vn\u00edch p\u0159edpisech jde o dobu nezbytn\u011b nutnou k&nbsp;zaji\u0161t\u011bn\u00ed pr\u00e1v a povinnost\u00ed plynouc\u00edch jak ze z\u00e1vazkov\u00e9ho vztahu, tak i z&nbsp;p\u0159\u00edslu\u0161n\u00fdch pr\u00e1vn\u00edch p\u0159edpis\u016f.<\/p>\n\n\n\n<p><strong>Pou\u010den<\/strong>\u00ed<\/p>\n\n\n\n<p>Spr\u00e1vce zpracov\u00e1v\u00e1 osobn\u00ed \u00fadaje se souhlasem subjektu \u00fadaj\u016f (subjekt \u00fadaj\u016f m\u016f\u017ee ud\u011blit souhlas pro jeden nebo v\u00edce konkr\u00e9tn\u00edch \u00fa\u010del\u016f zpracov\u00e1n\u00ed) s&nbsp;v\u00fdjimkou z\u00e1konem stanoven\u00fdch p\u0159\u00edpad\u016f, kdy zpracov\u00e1n\u00ed osobn\u00edch \u00fadaj\u016f nevy\u017eaduje souhlas subjektu \u00fadaj\u016f.<\/p>\n\n\n\n<p>V&nbsp;souladu s&nbsp;\u010dl. 6 odst. 1 Obecn\u00e9ho na\u0159\u00edzen\u00ed m\u016f\u017ee Spr\u00e1vce bez souhlasu subjektu \u00fadaj\u016f zpracov\u00e1vat tyto \u00fadaje:<\/p>\n\n\n\n<ul class=\"wp-block-list\">\n<li>zpracov\u00e1n\u00ed je nezbytn\u00e9 pro spln\u011bn\u00ed smlouvy, jej\u00ed\u017e smluvn\u00ed stranou je subjekt \u00fadaj\u016f, nebo pro proveden\u00ed opat\u0159en\u00ed p\u0159ijat\u00fdch p\u0159ed uzav\u0159en\u00edm smlouvy na \u017e\u00e1dost tohoto subjektu \u00fadaj\u016f,<\/li>\n\n\n\n<li>zpracov\u00e1n\u00ed je nezbytn\u00e9 pro spln\u011bn\u00ed pr\u00e1vn\u00ed povinnosti, kter\u00e1 se na Spr\u00e1vce vztahuje,<\/li>\n\n\n\n<li>zpracov\u00e1n\u00ed je nezbytn\u00e9 pro ochranu \u017eivotn\u011b d\u016fle\u017eit\u00fdch z\u00e1jm\u016f subjektu \u00fadaj\u016f nebo jin\u00e9 fyzick\u00e9 osoby,<\/li>\n\n\n\n<li>zpracov\u00e1n\u00ed je nezbytn\u00e9 pro spln\u011bn\u00ed \u00fakolu prov\u00e1d\u011bn\u00e9ho ve ve\u0159ejn\u00e9m z\u00e1jmu nebo p\u0159i v\u00fdkonu ve\u0159ejn\u00e9 moci, kter\u00fdm je Spr\u00e1vce pov\u011b\u0159en,<\/li>\n\n\n\n<li>zpracov\u00e1n\u00ed je nezbytn\u00e9 pro \u00fa\u010dely opr\u00e1vn\u011bn\u00fdch z\u00e1jm\u016f p\u0159\u00edslu\u0161n\u00e9ho Spr\u00e1vce \u010di t\u0159et\u00ed strany, krom\u011b p\u0159\u00edpad\u016f, kdy p\u0159ed t\u011bmito z\u00e1jmy maj\u00ed p\u0159ednost z\u00e1jmy nebo z\u00e1kladn\u00ed pr\u00e1va a svobody subjektu \u00fadaj\u016f vy\u017eaduj\u00edc\u00ed ochranu osobn\u00edch \u00fadaj\u016f.<\/li>\n<\/ul>\n\n\n\n<p><strong>Pr\u00e1va subjekt\u016f \u00fadaj\u016f<\/strong><\/p>\n\n\n\n<p>V&nbsp;souladu se \u010dl. 12 Obecn\u00e9ho na\u0159\u00edzen\u00ed informuje Spr\u00e1vce na \u017e\u00e1dost subjektu \u00fadaj\u016f o&nbsp;pr\u00e1vu na p\u0159\u00edstup k&nbsp;osobn\u00edm \u00fadaj\u016fm a k&nbsp;n\u00e1sleduj\u00edc\u00edm informac\u00edm:<\/p>\n\n\n\n<ul class=\"wp-block-list\">\n<li>\u00fa\u010delu zpracov\u00e1n\u00ed,<\/li>\n\n\n\n<li>kategorii dot\u010den\u00fdch osobn\u00edch \u00fadaj\u016f,<\/li>\n\n\n\n<li>p\u0159\u00edjemci nebo kategorie p\u0159\u00edjemc\u016f, kter\u00fdm osobn\u00ed \u00fadaje byly nebo budou zp\u0159\u00edstupn\u011bny,<\/li>\n\n\n\n<li>pl\u00e1novan\u00e9 dob\u011b, po kterou budou osobn\u00ed \u00fadaje ulo\u017eeny,<\/li>\n\n\n\n<li>ve\u0161ker\u00e9 dostupn\u00e9 informace o zdroji osobn\u00edch \u00fadaj\u016f,<\/li>\n\n\n\n<li>pokud nejsou z\u00edsk\u00e1ny od subjektu \u00fadaj\u016f, skute\u010dnosti, zda doch\u00e1z\u00ed k&nbsp;automatizovan\u00e9mu rozhodov\u00e1n\u00ed, v\u010detn\u011b profilov\u00e1n\u00ed.<\/li>\n<\/ul>\n\n\n\n<p>Ka\u017ed\u00fd subjekt \u00fadaj\u016f, kter\u00fd zjist\u00ed nebo se domn\u00edv\u00e1, \u017ee Spr\u00e1vce nebo zpracovatel prov\u00e1d\u00ed zpracov\u00e1n\u00ed jeho osobn\u00edch \u00fadaj\u016f, kter\u00e9 je v&nbsp;rozporu s&nbsp;ochranou soukrom\u00e9ho a osobn\u00edho \u017eivota subjektu \u00fadaj\u016f nebo v&nbsp;rozporu se z\u00e1konem, zejm\u00e9na jsou-li osobn\u00ed \u00fadaje nep\u0159esn\u00e9 s&nbsp;ohledem na \u00fa\u010del jejich zpracov\u00e1n\u00ed, m\u016f\u017ee:<\/p>\n\n\n\n<ul class=\"wp-block-list\">\n<li>po\u017e\u00e1dat Spr\u00e1vce o vysv\u011btlen\u00ed;<\/li>\n\n\n\n<li>po\u017eadovat, aby Spr\u00e1vce odstranil takto vznikl\u00fd stav. Zejm\u00e9na se m\u016f\u017ee jednat o&nbsp;proveden\u00ed opravy, dopln\u011bn\u00ed \u010di vymaz\u00e1n\u00ed osobn\u00edch \u00fadaj\u016f. Je-li \u017e\u00e1dost subjektu \u00fadaj\u016f shled\u00e1na opr\u00e1vn\u011bnou, Spr\u00e1vce neprodlen\u011b odstran\u00ed z\u00e1vadn\u00fd stav.<\/li>\n<\/ul>\n\n\n\n<p>P\u0159ijat\u00e1 \u017e\u00e1dost mus\u00ed b\u00fdt v\u017edy \u0159\u00e1dn\u011b posouzena. V&nbsp;p\u0159\u00edpad\u011b pochybnost\u00ed o&nbsp;toto\u017enosti osoby, kter\u00e1 \u017e\u00e1d\u00e1 o informace, m\u016f\u017ee b\u00fdt postupov\u00e1no dle \u010dl. 12 odst. 6 Obecn\u00e9ho na\u0159\u00edzen\u00ed, tj. m\u016f\u017ee se po\u017e\u00e1dat o&nbsp;poskytnut\u00ed dodate\u010dn\u00fdch informac\u00ed nezbytn\u00fdch k&nbsp;potvrzen\u00ed toto\u017enosti subjektu \u00fadaj\u016f (kter\u00fd pod\u00e1v\u00e1 \u017e\u00e1dost).<\/p>\n\n\n\n<p>Pokud se jedn\u00e1 o \u017e\u00e1dost podle \u010dl. 15 a\u017e 22 Obecn\u00e9ho na\u0159\u00edzen\u00ed, mus\u00ed b\u00fdt informace o&nbsp;p\u0159ijat\u00fdch opat\u0159en\u00edch poskytnuta bez zbyte\u010dn\u00e9ho odkladu a v&nbsp;ka\u017ed\u00e9m p\u0159\u00edpad\u011b do jednoho m\u011bs\u00edce od obdr\u017een\u00ed \u017e\u00e1dosti. Lh\u016ftu lze ve v\u00fdjime\u010dn\u00fdch p\u0159\u00edpadech prodlou\u017eit o&nbsp;dva m\u011bs\u00edce, o \u010dem\u017e mus\u00ed b\u00fdt subjekt \u00fadaj\u016f ze strany spr\u00e1vce informov\u00e1n, v\u010detn\u011b d\u016fvod\u016f prodlou\u017een\u00ed.<\/p>\n\n\n\n<p>Z\u00e1sadn\u011b plat\u00ed, \u017ee informace podle \u010dl. 13 a 14 Obecn\u00e9ho na\u0159\u00edzen\u00ed a ve\u0161ker\u00e1 sd\u011blen\u00ed a \u00fakony podle \u010dl. 15 a\u017e 22 a 34 Obecn\u00e9ho na\u0159\u00edzen\u00ed se poskytuj\u00ed a \u010din\u00ed bezplatn\u011b. Pouze v&nbsp;p\u0159\u00edpad\u011b, kdy jsou \u017e\u00e1dosti podan\u00e9 subjektem \u00fadaj\u016f zjevn\u011b ned\u016fvodn\u00e9 nebo nep\u0159im\u011b\u0159en\u00e9, zejm\u00e9na proto\u017ee se opakuj\u00ed, m\u016f\u017ee b\u00fdt ulo\u017een p\u0159im\u011b\u0159en\u00fd poplatek, nebo m\u016f\u017ee b\u00fdt odm\u00edtnuto \u017e\u00e1dosti vyhov\u011bt. Zjevn\u00e1 ned\u016fvodnost mus\u00ed b\u00fdt \u0159\u00e1dn\u011b dolo\u017eena.<\/p>\n\n\n\n<p>Nevyhov\u00ed-li Spr\u00e1vce \u017e\u00e1dosti subjektu \u00fadaj\u016f, m\u00e1 subjekt \u00fadaj\u016f pr\u00e1vo obr\u00e1tit se p\u0159\u00edmo na dozorov\u00fd \u00fa\u0159ad, tedy \u00da\u0159ad na ochranu osobn\u00edch \u00fadaj\u016f. Subjekt \u00fadaj\u016f se m\u016f\u017ee se sv\u00fdm podn\u011btem na dozorov\u00fd \u00fa\u0159ad obr\u00e1tit i p\u0159\u00edmo, ani\u017e by se nejprve obracel na Spr\u00e1vce.<\/p>\n\n\n\n<p><strong>Pov\u011b\u0159enec pro ochranu osobn\u00edch \u00fadaj\u016f<\/strong><\/p>\n\n\n\n<p>Kontakt na pov\u011b\u0159ence pro ochranu osobn\u00edch \u00fadaj\u016f Krajsk\u00e9ho \u00fa\u0159adu Plze\u0148sk\u00e9ho kraje: Mgr. Milan \u0160varc, vedouc\u00ed \u00fatvaru intern\u00edho auditu, pov\u011b\u0159enec pro ochranu osobn\u00edch \u00fadaj\u016f (tel.: 377\u00a0195\u00a0751, e-mail:\u00a0<a>milan.svarc@plzensky-kraj.cz<\/a>).<\/p>\n\n\n\n<figure class=\"wp-block-image size-thumbnail\"><img decoding=\"async\" src=\"https:\/\/admin.zpkb.eu\/wp-content\/uploads\/2026\/03\/Aktuality-3-300x300.png\" alt=\"GDPR\" class=\"wp-image-387\"\/><\/figure>\n","protected":false},"excerpt":{"rendered":"<p>Prohl\u00e1\u0161en\u00ed o zpracov\u00e1n\u00ed osobn\u00edch \u00fadaj\u016f Prohl\u00e1\u0161en\u00ed o zpracov\u00e1n\u00ed osobn\u00edch \u00fadaj\u016f dle Na\u0159\u00edzen\u00ed Evropsk\u00e9ho parlamentu a Rady (EU) 2016\/679 ze dne 27. dubna 2016 o ochran\u011b fyzick\u00fdch osob v&nbsp;souvislosti se zpracov\u00e1n\u00edm osobn\u00edch \u00fadaj\u016f a o voln\u00e9m pohybu t\u011bchto \u00fadaj\u016f a o zru\u0161en\u00ed sm\u011brnice 95\/46\/ES (d\u00e1le jen \u201eObecn\u00e9 na\u0159\u00edzen\u00ed\u201c) a pou\u010den\u00ed subjekt\u016f \u00fadaj\u016f. Spr\u00e1vce osobn\u00edch \u00fadaj\u016f Plze\u0148sk\u00fd [&hellip;]<\/p>\n","protected":false},"author":1,"featured_media":0,"parent":0,"menu_order":0,"comment_status":"closed","ping_status":"closed","template":"","meta":{"footnotes":""},"class_list":["post-374","page","type-page","status-publish","hentry"],"_links":{"self":[{"href":"https:\/\/admin.zpkb.eu\/cs\/wp-json\/wp\/v2\/pages\/374","targetHints":{"allow":["GET"]}}],"collection":[{"href":"https:\/\/admin.zpkb.eu\/cs\/wp-json\/wp\/v2\/pages"}],"about":[{"href":"https:\/\/admin.zpkb.eu\/cs\/wp-json\/wp\/v2\/types\/page"}],"author":[{"embeddable":true,"href":"https:\/\/admin.zpkb.eu\/cs\/wp-json\/wp\/v2\/users\/1"}],"replies":[{"embeddable":true,"href":"https:\/\/admin.zpkb.eu\/cs\/wp-json\/wp\/v2\/comments?post=374"}],"version-history":[{"count":4,"href":"https:\/\/admin.zpkb.eu\/cs\/wp-json\/wp\/v2\/pages\/374\/revisions"}],"predecessor-version":[{"id":392,"href":"https:\/\/admin.zpkb.eu\/cs\/wp-json\/wp\/v2\/pages\/374\/revisions\/392"}],"wp:attachment":[{"href":"https:\/\/admin.zpkb.eu\/cs\/wp-json\/wp\/v2\/media?parent=374"}],"curies":[{"name":"wp","href":"https:\/\/api.w.org\/{rel}","templated":true}]}}