{"id":376,"date":"2026-03-06T10:01:13","date_gmt":"2026-03-06T09:01:13","guid":{"rendered":"https:\/\/admin.zpkb.eu\/?page_id=376"},"modified":"2026-03-10T22:21:41","modified_gmt":"2026-03-10T21:21:41","slug":"nastaveni-souboru-cookie","status":"publish","type":"page","link":"https:\/\/admin.zpkb.eu\/cs\/nastaveni-souboru-cookie\/","title":{"rendered":"Nastaven\u00ed soubor\u016f cookie"},"content":{"rendered":"\n<p>Tento web <strong>nesb\u00edr\u00e1 ani nepou\u017e\u00edv\u00e1 \u017e\u00e1dn\u00e9 soubory cookie<\/strong> ani jin\u00e9 sledovac\u00ed technologie pro ukl\u00e1d\u00e1n\u00ed informac\u00ed o n\u00e1v\u0161t\u011bvn\u00edc\u00edch. \u017d\u00e1dn\u00e9 osobn\u00ed \u00fadaje nejsou prost\u0159ednictv\u00edm cookies shroma\u017e\u010fov\u00e1ny, ukl\u00e1d\u00e1ny ani zpracov\u00e1v\u00e1ny.<\/p>\n\n\n\n<p>Ve\u0161ker\u00fd obsah webu je p\u0159\u00edstupn\u00fd bez nutnosti registrace \u010di ukl\u00e1d\u00e1n\u00ed dat do va\u0161eho za\u0159\u00edzen\u00ed. Va\u0161e soukrom\u00ed a bezpe\u010dnost informac\u00ed jsou pro n\u00e1s prioritou.<\/p>\n\n\n\n<p>V p\u0159\u00edpad\u011b, \u017ee dojde k budouc\u00edm zm\u011bn\u00e1m a na web budou zavedeny cookies, budete o tom informov\u00e1ni prost\u0159ednictv\u00edm aktualizovan\u00e9ho prohl\u00e1\u0161en\u00ed a budete m\u00edt mo\u017enost sv\u016fj souhlas s jejich pou\u017e\u00edv\u00e1n\u00edm ud\u011blit nebo odm\u00edtnout.<\/p>\n\n\n\n<div style=\"height:15px\" aria-hidden=\"true\" class=\"wp-block-spacer\"><\/div>\n\n\n\n<p><\/p>\n","protected":false},"excerpt":{"rendered":"<p>Informace o cookies.<\/p>\n","protected":false},"author":1,"featured_media":0,"parent":0,"menu_order":0,"comment_status":"closed","ping_status":"closed","template":"","meta":{"footnotes":""},"class_list":["post-376","page","type-page","status-publish","hentry"],"_links":{"self":[{"href":"https:\/\/admin.zpkb.eu\/cs\/wp-json\/wp\/v2\/pages\/376","targetHints":{"allow":["GET"]}}],"collection":[{"href":"https:\/\/admin.zpkb.eu\/cs\/wp-json\/wp\/v2\/pages"}],"about":[{"href":"https:\/\/admin.zpkb.eu\/cs\/wp-json\/wp\/v2\/types\/page"}],"author":[{"embeddable":true,"href":"https:\/\/admin.zpkb.eu\/cs\/wp-json\/wp\/v2\/users\/1"}],"replies":[{"embeddable":true,"href":"https:\/\/admin.zpkb.eu\/cs\/wp-json\/wp\/v2\/comments?post=376"}],"version-history":[{"count":7,"href":"https:\/\/admin.zpkb.eu\/cs\/wp-json\/wp\/v2\/pages\/376\/revisions"}],"predecessor-version":[{"id":446,"href":"https:\/\/admin.zpkb.eu\/cs\/wp-json\/wp\/v2\/pages\/376\/revisions\/446"}],"wp:attachment":[{"href":"https:\/\/admin.zpkb.eu\/cs\/wp-json\/wp\/v2\/media?parent=376"}],"curies":[{"name":"wp","href":"https:\/\/api.w.org\/{rel}","templated":true}]}}