{"id":40,"date":"2026-02-20T09:57:00","date_gmt":"2026-02-20T08:57:00","guid":{"rendered":"https:\/\/minwordpress-295.rostiapp.cz\/?page_id=40"},"modified":"2026-03-21T21:27:40","modified_gmt":"2026-03-21T20:27:40","slug":"kontakty","status":"publish","type":"page","link":"https:\/\/admin.zpkb.eu\/cs\/kontakty\/","title":{"rendered":"Kontakty"},"content":{"rendered":"\n<p>St\u00e1l\u00e9 zastoupen\u00ed Plze\u0148sk\u00e9ho kraje v&nbsp;Bruselu vede Mgr. Zbyn\u011bk Prokop.<\/p>\n\n\n\n<figure class=\"wp-block-table\"><table class=\"has-fixed-layout\"><tbody><tr><td><strong>telefon<\/strong><\/td><td>+420 377 195&nbsp;583<\/td><\/tr><tr><td><strong>mobil<\/strong><\/td><td>+420 724 951 679 nebo +32 473 530 951<\/td><\/tr><tr><td><strong>e-mail<\/strong><\/td><td><a href=\"mailto:info@zpkb.eu\">info@zpkb.eu<\/a><\/td><\/tr><\/tbody><\/table><\/figure>\n\n\n\n<div style=\"height:15px\" aria-hidden=\"true\" class=\"wp-block-spacer\"><\/div>\n\n\n\n<h3 class=\"wp-block-heading has-text-align-left\">Chcete n\u00e1s nav\u0161t\u00edvit?<\/h3>\n\n\n\n<p>\u00da\u0159edn\u00ed hodiny jsou <strong>od pond\u011bl\u00ed do p\u00e1tku: <\/strong>9:00\u201312:00, 13:00\u201317:00 hod.<\/p>\n\n\n\n<p>Pro n\u00e1v\u0161t\u011bvu kancel\u00e1\u0159e Plze\u0148sk\u00e9ho kraje v&nbsp;Bruselu doporu\u010dujeme dohodnout sch\u016fzku p\u0159edem. Z d\u016fvodu \u00fa\u010dasti na r\u016fzn\u00fdch konferenc\u00edch, pracovn\u00edch jedn\u00e1n\u00edch nebo pokud je z\u00e1stupce v Plze\u0148sk\u00e9m kraji (obvykle jeden t\u00fdden z m\u011bs\u00edce), by se tak mohlo st\u00e1t, \u017ee p\u0159i neohl\u00e1\u0161en\u00e9 n\u00e1v\u0161t\u011bv\u011b v kancel\u00e1\u0159i nikdo nebude (nen\u00ed zde zavedena st\u00e1l\u00e1 recep\u010dn\u00ed slu\u017eba).<\/p>\n\n\n\n<div style=\"height:15px\" aria-hidden=\"true\" class=\"wp-block-spacer\"><\/div>\n\n\n\n<h3 class=\"wp-block-heading has-text-align-left\">Kde n\u00e1s najdete?<\/h3>\n\n\n\n<div class=\"wp-block-media-text is-stacked-on-mobile\" style=\"grid-template-columns:47% auto\"><figure class=\"wp-block-media-text__media\"><img loading=\"lazy\" decoding=\"async\" width=\"1200\" height=\"1200\" src=\"https:\/\/admin.zpkb.eu\/wp-content\/uploads\/2026\/03\/mapa_zpkb.jpg\" alt=\"Mapa Plze\u0148sk\u00e9 kancel\u00e1\u0159e\" class=\"wp-image-240 size-full\" srcset=\"https:\/\/admin.zpkb.eu\/wp-content\/uploads\/2026\/03\/mapa_zpkb.jpg 1200w, https:\/\/admin.zpkb.eu\/wp-content\/uploads\/2026\/03\/mapa_zpkb-1000x1000.jpg 1000w, https:\/\/admin.zpkb.eu\/wp-content\/uploads\/2026\/03\/mapa_zpkb-500x500.jpg 500w, https:\/\/admin.zpkb.eu\/wp-content\/uploads\/2026\/03\/mapa_zpkb-768x768.jpg 768w\" sizes=\"auto, (max-width: 1200px) 100vw, 1200px\" \/><\/figure><div class=\"wp-block-media-text__content\">\n<p>Kancel\u00e1\u0159 Plze\u0148sk\u00e9ho kraje se nach\u00e1z\u00ed&nbsp;na adrese <strong>Place de Jamblinne de Meux 31, Brusel &#8211; Schaerbeek, B-1030.&nbsp;<\/strong>D\u016fm&nbsp;je v bl\u00edzkosti s\u00eddla Evropsk\u00e9 komise a Rady EU na Rond Point Schuman a nedaleko od Evropsk\u00e9ho parlamentu na Rue Wiertz a V\u00fdboru region\u016f na Rue Belliard.<\/p>\n\n\n\n<p>Z&nbsp;leti\u0161t\u011b&nbsp;nejl\u00e9pe expresn\u00edm autobusem \u010d. 12 (zast\u00e1vka Meiser nebo Schuman) nebo \u010d. 21 (z\u00e1stavka t\u00e9m\u011b\u0159 p\u0159ed domem &#8211; Jamblinne de Meux).<\/p>\n\n\n\n<p>Metrem je nejbli\u017e\u0161\u00ed stanice linky&nbsp;1 a 5&nbsp;Schuman a pak cca&nbsp;10 min. p\u011b\u0161ky nebo popojet 2 stanice autobusem \u010d. 21 do zast\u00e1vky Jamblinne de Meux.<\/p>\n<\/div><\/div>\n\n\n\n<div style=\"height:60px\" aria-hidden=\"true\" class=\"wp-block-spacer\"><\/div>\n","protected":false},"excerpt":{"rendered":"<p>Kde n\u00e1s najdete?<br \/>\nJak\u00e9 m\u00e1me \u00fa\u0159edn\u00ed hodiny?<\/p>\n","protected":false},"author":2,"featured_media":0,"parent":0,"menu_order":0,"comment_status":"closed","ping_status":"closed","template":"","meta":{"footnotes":""},"class_list":["post-40","page","type-page","status-publish","hentry"],"_links":{"self":[{"href":"https:\/\/admin.zpkb.eu\/cs\/wp-json\/wp\/v2\/pages\/40","targetHints":{"allow":["GET"]}}],"collection":[{"href":"https:\/\/admin.zpkb.eu\/cs\/wp-json\/wp\/v2\/pages"}],"about":[{"href":"https:\/\/admin.zpkb.eu\/cs\/wp-json\/wp\/v2\/types\/page"}],"author":[{"embeddable":true,"href":"https:\/\/admin.zpkb.eu\/cs\/wp-json\/wp\/v2\/users\/2"}],"replies":[{"embeddable":true,"href":"https:\/\/admin.zpkb.eu\/cs\/wp-json\/wp\/v2\/comments?post=40"}],"version-history":[{"count":30,"href":"https:\/\/admin.zpkb.eu\/cs\/wp-json\/wp\/v2\/pages\/40\/revisions"}],"predecessor-version":[{"id":610,"href":"https:\/\/admin.zpkb.eu\/cs\/wp-json\/wp\/v2\/pages\/40\/revisions\/610"}],"wp:attachment":[{"href":"https:\/\/admin.zpkb.eu\/cs\/wp-json\/wp\/v2\/media?parent=40"}],"curies":[{"name":"wp","href":"https:\/\/api.w.org\/{rel}","templated":true}]}}