{"id":205,"date":"2026-02-27T16:43:48","date_gmt":"2026-02-27T15:43:48","guid":{"rendered":"https:\/\/admin.zpkb.eu\/?page_id=205"},"modified":"2026-04-19T13:54:28","modified_gmt":"2026-04-19T11:54:28","slug":"akce","status":"publish","type":"page","link":"https:\/\/admin.zpkb.eu\/en\/events\/","title":{"rendered":"Events"},"content":{"rendered":"\r\n<section class=\"text-token-text-primary w-full focus:outline-none [--shadow-height:45px] has-data-writing-block:pointer-events-none has-data-writing-block:-mt-(--shadow-height) has-data-writing-block:pt-(--shadow-height) [&amp;:has([data-writing-block])&gt;*]:pointer-events-auto scroll-mt-(--header-height)\" dir=\"auto\" data-turn-id=\"f778cb33-7569-4eab-a1bc-ca63f5a7ee41\" data-testid=\"conversation-turn-1\" data-scroll-anchor=\"false\" data-turn=\"user\"><\/section>\r\n<section class=\"text-token-text-primary w-full focus:outline-none [--shadow-height:45px] has-data-writing-block:pointer-events-none has-data-writing-block:-mt-(--shadow-height) has-data-writing-block:pt-(--shadow-height) [&amp;:has([data-writing-block])&gt;*]:pointer-events-auto [content-visibility:auto] supports-[content-visibility:auto]:[contain-intrinsic-size:auto_100lvh] scroll-mt-[calc(var(--header-height)+min(200px,max(70px,20svh)))]\" dir=\"auto\" data-turn-id=\"request-WEB:868ea3fe-e79f-4390-aca0-0f26c7efaf3a-0\" data-testid=\"conversation-turn-2\" data-scroll-anchor=\"true\" data-turn=\"assistant\">\r\n<div class=\"text-base my-auto mx-auto pb-10 [--thread-content-margin:var(--thread-content-margin-xs,calc(var(--spacing)*4))] @w-sm\/main:[--thread-content-margin:var(--thread-content-margin-sm,calc(var(--spacing)*6))] @w-lg\/main:[--thread-content-margin:var(--thread-content-margin-lg,calc(var(--spacing)*16))] px-(--thread-content-margin)\">\r\n<div class=\"[--thread-content-max-width:40rem] @w-lg\/main:[--thread-content-max-width:48rem] mx-auto max-w-(--thread-content-max-width) flex-1 group\/turn-messages focus-visible:outline-hidden relative flex w-full min-w-0 flex-col agent-turn\">\r\n<div class=\"flex max-w-full flex-col gap-4 grow\">\r\n<div class=\"min-h-8 text-message relative flex w-full flex-col items-end gap-2 text-start break-words whitespace-normal outline-none keyboard-focused:focus-ring [.text-message+&amp;]:mt-1\" dir=\"auto\" tabindex=\"0\" data-message-author-role=\"assistant\" data-message-id=\"544d2dbf-8cbf-4620-a83e-b4125a1ffa05\" data-message-model-slug=\"gpt-5-3\" data-turn-start-message=\"true\">\r\n<div class=\"flex w-full flex-col gap-1 empty:hidden\">\r\n<div class=\"markdown prose dark:prose-invert w-full wrap-break-word light markdown-new-styling\">\r\n<p data-start=\"0\" data-end=\"68\"><strong data-start=\"0\" data-end=\"68\">April 23, 2026 at 6:30 PM: Exhibition Opening on Bohumil Kone\u010dn\u00fd<\/strong><\/p>\r\n<p data-start=\"70\" data-end=\"700\">The exceptional and now rediscovered painter and illustrator of the second half of the 20th century, <span class=\"hover:entity-accent entity-underline inline cursor-pointer align-baseline\"><span class=\"whitespace-normal\">Bohumil Kone\u010dn\u00fd<\/span><\/span>, was a master of dynamic adventure illustrations and drawings of beautiful women. Generations of \u201cHus\u00e1k\u2019s children\u201d and older audiences will recognize his illustrations from books by <span class=\"hover:entity-accent entity-underline inline cursor-pointer align-baseline\"><span class=\"whitespace-normal\">Jaroslav Foglar<\/span><\/span> and <span class=\"hover:entity-accent entity-underline inline cursor-pointer align-baseline\"><span class=\"whitespace-normal\">Otakar Batli\u010dka<\/span><\/span>. He was also the author of numerous advertising posters. His career was significantly affected by the controversy surrounding the comic heroine Amazona \u2013 Octobriana, who was admired even by <span class=\"hover:entity-accent entity-underline inline cursor-pointer align-baseline\"><span class=\"whitespace-normal\">David Bowie<\/span><\/span>.<\/p>\r\n<p data-start=\"702\" data-end=\"1244\"><span class=\"hover:entity-accent entity-underline inline cursor-pointer align-baseline\"><span class=\"whitespace-normal\">K\u00e1ja Saudek<\/span><\/span> wrote about him: <em>\u201cBohumil Kone\u010dn\u00fd influenced me the most\u2014a name that probably means nothing to anyone today. He was a man who, in 1937 or 1938, could do what only a few dozen painters in America can manage today. He was incomparable to anything. Even <span class=\"hover:entity-accent entity-underline inline cursor-pointer align-baseline\"><span class=\"whitespace-normal\">Zden\u011bk Burian<\/span><\/span>\u2014a renowned name I respect\u2014was an amateur compared to him. This Bohumil Kone\u010dn\u00fd, completely forgotten and unrecognized during his lifetime, was an absolute genius unlike any other. What I know, I learned from him.\u201d<\/em><\/p>\r\n<p data-start=\"1246\" data-end=\"1485\">As usual, refreshments will be provided by the well-known Brussels-based culinary specialist Ji\u0159\u00ed Sikora, and the atmosphere of the event will be enhanced by a vocal performance from students of the Gymnasium at Mikul\u00e1\u0161sk\u00e9 Square in Pilsen.<\/p>\r\n<p data-start=\"1487\" data-end=\"1538\" data-is-last-node=\"\" data-is-only-node=\"\">Please confirm your attendance at:&nbsp;<a href=\"mailto: info@zpkb.eu\"><strong>info@zpkb.eu<\/strong><\/a><\/p>\r\n<\/div>\r\n<\/div>\r\n<\/div>\r\n<\/div>\r\n<\/div>\r\n<\/div>\r\n<\/section>\r\n\r\n\r\n\r\n<figure class=\"wp-block-image size-medium\"><img loading=\"lazy\" decoding=\"async\" width=\"1000\" height=\"687\" class=\"wp-image-701\" src=\"https:\/\/admin.zpkb.eu\/wp-content\/uploads\/koncny-1000x687.jpg\" alt=\"Bohumil Konecny\" srcset=\"https:\/\/admin.zpkb.eu\/wp-content\/uploads\/koncny-1000x687.jpg 1000w, https:\/\/admin.zpkb.eu\/wp-content\/uploads\/koncny-1500x1030.jpg 1500w, https:\/\/admin.zpkb.eu\/wp-content\/uploads\/koncny-768x528.jpg 768w, https:\/\/admin.zpkb.eu\/wp-content\/uploads\/koncny-1536x1055.jpg 1536w, https:\/\/admin.zpkb.eu\/wp-content\/uploads\/koncny-2048x1407.jpg 2048w\" sizes=\"auto, (max-width: 1000px) 100vw, 1000px\" \/><\/figure>\r\n\r\n\r\n\r\n<div class=\"wp-block-spacer\" style=\"height: 40px;\" aria-hidden=\"true\">&nbsp;<\/div>\r\n\r\n\r\n\r\n<p data-start=\"0\" data-end=\"37\"><strong data-start=\"0\" data-end=\"37\">June 26, 2026: Czech Street Party<\/strong><\/p>\r\n<p data-start=\"39\" data-end=\"107\">Traditionally, this is the largest Czech cultural event in Brussels.<\/p>\r\n<p data-start=\"109\" data-end=\"207\" data-is-last-node=\"\" data-is-only-node=\"\">The program includes <strong>Czech music, food, beer, and presentations of Czech regions and institutions.<\/strong><\/p>\r\n","protected":false},"excerpt":{"rendered":"<p>What awaits us in 2026?<\/p>\n","protected":false},"author":2,"featured_media":0,"parent":0,"menu_order":0,"comment_status":"closed","ping_status":"closed","template":"","meta":{"footnotes":""},"class_list":["post-205","page","type-page","status-publish","hentry"],"_links":{"self":[{"href":"https:\/\/admin.zpkb.eu\/en\/wp-json\/wp\/v2\/pages\/205","targetHints":{"allow":["GET"]}}],"collection":[{"href":"https:\/\/admin.zpkb.eu\/en\/wp-json\/wp\/v2\/pages"}],"about":[{"href":"https:\/\/admin.zpkb.eu\/en\/wp-json\/wp\/v2\/types\/page"}],"author":[{"embeddable":true,"href":"https:\/\/admin.zpkb.eu\/en\/wp-json\/wp\/v2\/users\/2"}],"replies":[{"embeddable":true,"href":"https:\/\/admin.zpkb.eu\/en\/wp-json\/wp\/v2\/comments?post=205"}],"version-history":[{"count":5,"href":"https:\/\/admin.zpkb.eu\/en\/wp-json\/wp\/v2\/pages\/205\/revisions"}],"predecessor-version":[{"id":703,"href":"https:\/\/admin.zpkb.eu\/en\/wp-json\/wp\/v2\/pages\/205\/revisions\/703"}],"wp:attachment":[{"href":"https:\/\/admin.zpkb.eu\/en\/wp-json\/wp\/v2\/media?parent=205"}],"curies":[{"name":"wp","href":"https:\/\/api.w.org\/{rel}","templated":true}]}}