{"id":107,"date":"2026-02-24T16:58:07","date_gmt":"2026-02-24T15:58:07","guid":{"rendered":"https:\/\/admin.zpkb.eu\/?page_id=107"},"modified":"2026-03-26T16:26:29","modified_gmt":"2026-03-26T15:26:29","slug":"staze-pro-studenty","status":"publish","type":"page","link":"https:\/\/admin.zpkb.eu\/fr\/stages-pour-etudiants\/","title":{"rendered":"Stages pour \u00e9tudiants"},"content":{"rendered":"\r\n<p><span class=\"BZ_Pyq_fadeIn\">\u00c0 <\/span><span class=\"BZ_Pyq_fadeIn\">la <\/span><span class=\"BZ_Pyq_fadeIn\">Repr\u00e9sentation <\/span><span class=\"BZ_Pyq_fadeIn\">de <\/span><span class=\"BZ_Pyq_fadeIn\">la <\/span><span class=\"BZ_Pyq_fadeIn\">r\u00e9gion <\/span><span class=\"BZ_Pyq_fadeIn\">de <\/span><span class=\"BZ_Pyq_fadeIn\">Pilsen <\/span><span class=\"BZ_Pyq_fadeIn\">\u00e0 <\/span><span class=\"BZ_Pyq_fadeIn\">Bruxelles, <\/span><span class=\"BZ_Pyq_fadeIn\">tant <\/span><span class=\"BZ_Pyq_fadeIn\">les <\/span><span class=\"BZ_Pyq_fadeIn\">\u00e9tudiants <\/span><span class=\"BZ_Pyq_fadeIn\">que <\/span><span class=\"BZ_Pyq_fadeIn\">les <\/span><span class=\"BZ_Pyq_fadeIn\">jeunes <\/span><span class=\"BZ_Pyq_fadeIn\">dipl\u00f4m\u00e9s <\/span><span class=\"BZ_Pyq_fadeIn\">universitaires <\/span><span class=\"BZ_Pyq_fadeIn\">peuvent <\/span><span class=\"BZ_Pyq_fadeIn\">effectuer <\/span><span class=\"BZ_Pyq_fadeIn\">un <\/span><span class=\"BZ_Pyq_fadeIn\">stage. <\/span><span class=\"BZ_Pyq_fadeIn\">Nous <\/span><span class=\"BZ_Pyq_fadeIn\">proposons <\/span><span class=\"BZ_Pyq_fadeIn\">ces <\/span><span class=\"BZ_Pyq_fadeIn\">stages <\/span><span class=\"BZ_Pyq_fadeIn\">depuis <\/span><span class=\"BZ_Pyq_fadeIn\">2008 <\/span><span class=\"BZ_Pyq_fadeIn\">et, <\/span><span class=\"BZ_Pyq_fadeIn\">\u00e0 <\/span><span class=\"BZ_Pyq_fadeIn\">ce <\/span><span class=\"BZ_Pyq_fadeIn\">jour, <\/span><span class=\"BZ_Pyq_fadeIn\">nous <\/span><span class=\"BZ_Pyq_fadeIn\">avons <\/span><span class=\"BZ_Pyq_fadeIn\">accueilli <\/span><span class=\"BZ_Pyq_fadeIn\">plus <\/span><span class=\"BZ_Pyq_fadeIn\">de <\/span><span class=\"BZ_Pyq_fadeIn\">soixante <\/span><span class=\"BZ_Pyq_fadeIn\">stagiaires. <\/span><span class=\"BZ_Pyq_fadeIn\">Les <\/span><span class=\"BZ_Pyq_fadeIn\">lignes <\/span><span class=\"BZ_Pyq_fadeIn\">suivantes <\/span><span class=\"BZ_Pyq_fadeIn\">s\u2019adressent <\/span><span class=\"BZ_Pyq_fadeIn\">principalement <\/span><span class=\"BZ_Pyq_fadeIn\">aux <\/span><span class=\"BZ_Pyq_fadeIn\">\u00e9tudiants <\/span><span class=\"BZ_Pyq_fadeIn\">tch\u00e8ques; <\/span><strong><span class=\"BZ_Pyq_fadeIn\">c\u2019est <\/span><span class=\"BZ_Pyq_fadeIn\">pourquoi <\/span><span class=\"BZ_Pyq_fadeIn\">nous <\/span><span class=\"BZ_Pyq_fadeIn\">ne <\/span><span class=\"BZ_Pyq_fadeIn\">fournissons <\/span><span class=\"BZ_Pyq_fadeIn\">pas <\/span><span class=\"BZ_Pyq_fadeIn\">d\u2019informations <\/span><span class=\"BZ_Pyq_fadeIn\">suppl\u00e9mentaires <\/span><span class=\"BZ_Pyq_fadeIn\">en <\/span><span class=\"BZ_Pyq_fadeIn\">fran\u00e7ais <\/span><span class=\"BZ_Pyq_fadeIn\">ici.<\/span><\/strong><\/p>\r\n\r\n\r\n\r\n<div class=\"wp-block-buttons is-layout-flex wp-block-buttons-is-layout-flex\">","protected":false},"excerpt":{"rendered":"<p>\u00c9tudiants et jeunes dipl\u00f4m\u00e9s, souhaitez-vous effectuer un stage chez nous\u202f? Lisez comment se d\u00e9roule un stage chez nous et comment postuler.<\/p>\n","protected":false},"author":2,"featured_media":257,"parent":0,"menu_order":0,"comment_status":"closed","ping_status":"closed","template":"","meta":{"footnotes":""},"class_list":["post-107","page","type-page","status-publish","has-post-thumbnail","hentry"],"_links":{"self":[{"href":"https:\/\/admin.zpkb.eu\/fr\/wp-json\/wp\/v2\/pages\/107","targetHints":{"allow":["GET"]}}],"collection":[{"href":"https:\/\/admin.zpkb.eu\/fr\/wp-json\/wp\/v2\/pages"}],"about":[{"href":"https:\/\/admin.zpkb.eu\/fr\/wp-json\/wp\/v2\/types\/page"}],"author":[{"embeddable":true,"href":"https:\/\/admin.zpkb.eu\/fr\/wp-json\/wp\/v2\/users\/2"}],"replies":[{"embeddable":true,"href":"https:\/\/admin.zpkb.eu\/fr\/wp-json\/wp\/v2\/comments?post=107"}],"version-history":[{"count":77,"href":"https:\/\/admin.zpkb.eu\/fr\/wp-json\/wp\/v2\/pages\/107\/revisions"}],"predecessor-version":[{"id":666,"href":"https:\/\/admin.zpkb.eu\/fr\/wp-json\/wp\/v2\/pages\/107\/revisions\/666"}],"wp:featuredmedia":[{"embeddable":true,"href":"https:\/\/admin.zpkb.eu\/fr\/wp-json\/wp\/v2\/media\/257"}],"wp:attachment":[{"href":"https:\/\/admin.zpkb.eu\/fr\/wp-json\/wp\/v2\/media?parent=107"}],"curies":[{"name":"wp","href":"https:\/\/api.w.org\/{rel}","templated":true}]}}