{"id":2,"date":"2026-01-28T08:19:59","date_gmt":"2026-01-28T07:19:59","guid":{"rendered":"https:\/\/minwordpress-295.rostiapp.cz\/?page_id=2"},"modified":"2026-03-26T16:24:38","modified_gmt":"2026-03-26T15:24:38","slug":"o-nas","status":"publish","type":"page","link":"https:\/\/admin.zpkb.eu\/fr\/a-propos-de-nous\/","title":{"rendered":"\u00c0 propos de nous"},"content":{"rendered":"\r\n<p data-start=\"0\" data-end=\"35\"><strong data-start=\"0\" data-end=\"35\">Historique de la repr\u00e9sentation<\/strong><\/p>\r\n<p data-start=\"37\" data-end=\"499\">Le bureau europ\u00e9en de la R\u00e9gion de Pilsen \u00e0 Bruxelles <strong>a commenc\u00e9 ses activit\u00e9s le 3 janvier 2006<\/strong> en tant qu\u2019antenne du Bureau r\u00e9gional de la R\u00e9gion de Pilsen. Son premier repr\u00e9sentant \u00e9tait <strong>Karel Lizerot<\/strong>. Afin de faciliter son d\u00e9marrage, des coll\u00e8gues du bureau europ\u00e9en d\u2019East Midlands (qui inclut \u00e9galement la r\u00e9gion de Northamptonshire, r\u00e9gion partenaire de la R\u00e9gion de Plze\u0148) ont mis \u00e0 disposition des locaux situ\u00e9s Avenue d\u2019Auderghem 22\u201328, 1040 Bruxelles. Le bureau y est rest\u00e9 jusqu\u2019en juin 2007, date \u00e0 laquelle il a d\u00e9m\u00e9nag\u00e9 dans ses propres locaux lou\u00e9s, dans ce que l\u2019on appelait la <strong>\u00ab Maison tch\u00e8que \u00bb<\/strong> \u00e0 l\u2019adresse Rue du Tr\u00f4ne 60, B-1050 Bruxelles. La Maison tch\u00e8que \u00e0 Bruxelles \u00e9tait un projet li\u00e9 \u00e0 la premi\u00e8re <strong>pr\u00e9sidence tch\u00e8que du Conseil de l\u2019UE<\/strong>, qui s\u2019est tenue au premier semestre 2009. \u00c0 cette fin, <strong>la Repr\u00e9sentation permanente de la R\u00e9publique tch\u00e8que aupr\u00e8s de l\u2019UE<\/strong> a d\u00fb augmenter le nombre de diplomates et trouver des espaces adapt\u00e9s.<\/p>\r\n<p data-start=\"998\" data-end=\"1016\"><strong data-start=\"998\" data-end=\"1016\">Maison tch\u00e8que<\/strong><\/p>\r\n<p data-start=\"1018\" data-end=\"1396\">Ces locaux ont \u00e9t\u00e9 trouv\u00e9s dans un b\u00e2timent directement adjacent \u00e0 la Repr\u00e9sentation permanente, <strong>Rue Caroly 15<\/strong>, o\u00f9 le minist\u00e8re des Affaires \u00e9trang\u00e8res de la R\u00e9publique tch\u00e8que a lou\u00e9 l\u2019ensemble de l\u2019immeuble. Toutefois, la Repr\u00e9sentation permanente n\u2019avait besoin que d\u2019une partie des espaces, et les bureaux restants ont \u00e9t\u00e9 propos\u00e9s \u00e0 d\u2019autres entit\u00e9s tch\u00e8ques \u00e0 Bruxelles. Ainsi, plusieurs organisations se sont regroup\u00e9es sous un m\u00eame toit : <strong>Czech Airlines<\/strong>, les Chemins de fer tch\u00e8ques, <strong>CzechTrade\/CzechInvest<\/strong>, <strong>CzechTourism<\/strong>, <strong>le Centre tch\u00e8que<\/strong>, la repr\u00e9sentation des entreprises tch\u00e8ques <strong>CEBRE<\/strong>, <strong>l\u2019ambassade de la R\u00e9publique tch\u00e8que en Belgique<\/strong>, ainsi qu\u2019un <strong>\u00ab \u00e9tage r\u00e9gional \u00bb<\/strong> accueillant les bureaux des r\u00e9gions tch\u00e8ques. Toutes les r\u00e9gions n\u2019ont cependant pas saisi cette opportunit\u00e9. Parmi celles rest\u00e9es \u00e0 l\u2019\u00e9cart :<\/p>\r\n<ul data-start=\"1851\" data-end=\"2291\">\r\n<li data-section-id=\"1njh3ie\" data-start=\"1851\" data-end=\"1957\"><strong>La ville capitale de Prague<\/strong>, qui dispose de ses propres locaux \u00e0 Avenue Palmerston 16 depuis juin 2002<\/li>\r\n<li data-section-id=\"1jv6sfp\" data-start=\"1958\" data-end=\"2070\"><strong>La R\u00e9gion de Boh\u00eame centrale<\/strong>, qui louait \u00e0 l\u2019\u00e9poque un immeuble \u00e0 Avenue d\u2019Auderghem 45, Bruxelles-Etterbeek<\/li>\r\n<li data-section-id=\"5ymk8y\" data-start=\"2071\" data-end=\"2167\"><strong>La R\u00e9gion de Boh\u00eame du Sud<\/strong>, qui sous-louait un bureau aupr\u00e8s de la R\u00e9gion de Boh\u00eame centrale<\/li>\r\n<li data-section-id=\"ijovs8\" data-start=\"2168\" data-end=\"2213\"><strong>La R\u00e9gion de Liberec<\/strong>, qui faisait de m\u00eame<\/li>\r\n<li data-section-id=\"1qoqzcr\" data-start=\"2214\" data-end=\"2291\"><strong>Les R\u00e9gions de Zlin<\/strong> et <strong>d\u2019Olomouc<\/strong>, repr\u00e9sent\u00e9es par une agence de lobbying<\/li>\r\n<\/ul>\r\n<p data-start=\"2293\" data-end=\"2464\"><strong>La Maison tch\u00e8que<\/strong> accueillait ainsi les bureaux des r\u00e9gions de Moravie du Sud, Karlovy Vary, Hradec Kralove, Moravie-Sil\u00e9sie, Pardubice, Pilsen, Usti nad Labem et Vysocina.<\/p>\r\n<p data-start=\"2466\" data-end=\"2512\"><strong data-start=\"2466\" data-end=\"2512\">Nouveau repr\u00e9sentant de la R\u00e9gion de Pilsen<\/strong><\/p>\r\n<p data-start=\"2514\" data-end=\"2676\">\u00c0 cette \u00e9poque, le repr\u00e9sentant de la R\u00e9gion de Pilsen \u00e0 Bruxelles \u00e9tait <strong>Mgr. Zbyn\u011bk Prokop<\/strong>, qui a repris cette fonction apr\u00e8s Karel Lizerot le 1er janvier 2007. Le projet de la Maison tch\u00e8que \u00e0 Bruxelles, visant \u00e0 r\u00e9unir toutes les repr\u00e9sentations tch\u00e8ques sous un m\u00eame toit dans des conditions avantageuses, \u00e9tait une excellente id\u00e9e. Malheureusement, il s\u2019est av\u00e9r\u00e9 trop ambitieux pour durer : la R\u00e9publique tch\u00e8que n\u2019a pas finalis\u00e9 l\u2019achat du b\u00e2timent lou\u00e9, et <strong>le projet de la Maison tch\u00e8que a pris fin en 2011<\/strong>.<\/p>\r\n\r\n\r\n\r\n<figure class=\"wp-block-gallery has-nested-images columns-default is-cropped wp-block-gallery-1 is-layout-flex wp-block-gallery-is-layout-flex\">\r\n<figure data-wp-context=\"{&quot;imageId&quot;:&quot;69f86d509361c&quot;}\" data-wp-interactive=\"core\/image\" data-wp-key=\"69f86d509361c\" class=\"wp-block-image size-large wp-lightbox-container\"><img loading=\"lazy\" decoding=\"async\" width=\"1200\" height=\"1200\" data-wp-class--hide=\"state.isContentHidden\" data-wp-class--show=\"state.isContentVisible\" data-wp-init=\"callbacks.setButtonStyles\" data-wp-on--click=\"actions.showLightbox\" data-wp-on--load=\"callbacks.setButtonStyles\" data-wp-on-window--resize=\"callbacks.setButtonStyles\" data-id=\"248\" class=\"wp-image-248\" src=\"https:\/\/admin.zpkb.eu\/wp-content\/uploads\/2026\/03\/PD1.jpg\" alt=\"Maison de Pilsen le soir\" srcset=\"https:\/\/admin.zpkb.eu\/wp-content\/uploads\/2026\/03\/PD1.jpg 1200w, https:\/\/admin.zpkb.eu\/wp-content\/uploads\/2026\/03\/PD1-1000x1000.jpg 1000w, https:\/\/admin.zpkb.eu\/wp-content\/uploads\/2026\/03\/PD1-500x500.jpg 500w, https:\/\/admin.zpkb.eu\/wp-content\/uploads\/2026\/03\/PD1-768x768.jpg 768w\" sizes=\"auto, (max-width: 1200px) 100vw, 1200px\" \/><button\n\t\t\tclass=\"lightbox-trigger\"\n\t\t\ttype=\"button\"\n\t\t\taria-haspopup=\"dialog\"\n\t\t\taria-label=\"Agrandir\"\n\t\t\tdata-wp-init=\"callbacks.initTriggerButton\"\n\t\t\tdata-wp-on--click=\"actions.showLightbox\"\n\t\t\tdata-wp-style--right=\"state.imageButtonRight\"\n\t\t\tdata-wp-style--top=\"state.imageButtonTop\"\n\t\t>\n\t\t\t<svg xmlns=\"http:\/\/www.w3.org\/2000\/svg\" width=\"12\" height=\"12\" fill=\"none\" viewBox=\"0 0 12 12\">\n\t\t\t\t<path fill=\"#fff\" d=\"M2 0a2 2 0 0 0-2 2v2h1.5V2a.5.5 0 0 1 .5-.5h2V0H2Zm2 10.5H2a.5.5 0 0 1-.5-.5V8H0v2a2 2 0 0 0 2 2h2v-1.5ZM8 12v-1.5h2a.5.5 0 0 0 .5-.5V8H12v2a2 2 0 0 1-2 2H8Zm2-12a2 2 0 0 1 2 2v2h-1.5V2a.5.5 0 0 0-.5-.5H8V0h2Z\" \/>\n\t\t\t<\/svg>\n\t\t<\/button><\/figure>\r\n\r\n\r\n\r\n<figure data-wp-context=\"{&quot;imageId&quot;:&quot;69f86d5097d14&quot;}\" data-wp-interactive=\"core\/image\" data-wp-key=\"69f86d5097d14\" class=\"wp-block-image size-large wp-lightbox-container\"><img loading=\"lazy\" decoding=\"async\" width=\"1200\" height=\"1200\" data-wp-class--hide=\"state.isContentHidden\" data-wp-class--show=\"state.isContentVisible\" data-wp-init=\"callbacks.setButtonStyles\" data-wp-on--click=\"actions.showLightbox\" data-wp-on--load=\"callbacks.setButtonStyles\" data-wp-on-window--resize=\"callbacks.setButtonStyles\" data-id=\"253\" class=\"wp-image-253\" src=\"https:\/\/admin.zpkb.eu\/wp-content\/uploads\/2026\/03\/ZP.jpg\" alt=\"Zbyn\u011bk Prokop\" srcset=\"https:\/\/admin.zpkb.eu\/wp-content\/uploads\/2026\/03\/ZP.jpg 1200w, https:\/\/admin.zpkb.eu\/wp-content\/uploads\/2026\/03\/ZP-1000x1000.jpg 1000w, https:\/\/admin.zpkb.eu\/wp-content\/uploads\/2026\/03\/ZP-500x500.jpg 500w, https:\/\/admin.zpkb.eu\/wp-content\/uploads\/2026\/03\/ZP-768x768.jpg 768w\" sizes=\"auto, (max-width: 1200px) 100vw, 1200px\" \/><button\n\t\t\tclass=\"lightbox-trigger\"\n\t\t\ttype=\"button\"\n\t\t\taria-haspopup=\"dialog\"\n\t\t\taria-label=\"Agrandir\"\n\t\t\tdata-wp-init=\"callbacks.initTriggerButton\"\n\t\t\tdata-wp-on--click=\"actions.showLightbox\"\n\t\t\tdata-wp-style--right=\"state.imageButtonRight\"\n\t\t\tdata-wp-style--top=\"state.imageButtonTop\"\n\t\t>\n\t\t\t<svg xmlns=\"http:\/\/www.w3.org\/2000\/svg\" width=\"12\" height=\"12\" fill=\"none\" viewBox=\"0 0 12 12\">\n\t\t\t\t<path fill=\"#fff\" d=\"M2 0a2 2 0 0 0-2 2v2h1.5V2a.5.5 0 0 1 .5-.5h2V0H2Zm2 10.5H2a.5.5 0 0 1-.5-.5V8H0v2a2 2 0 0 0 2 2h2v-1.5ZM8 12v-1.5h2a.5.5 0 0 0 .5-.5V8H12v2a2 2 0 0 1-2 2H8Zm2-12a2 2 0 0 1 2 2v2h-1.5V2a.5.5 0 0 0-.5-.5H8V0h2Z\" \/>\n\t\t\t<\/svg>\n\t\t<\/button><\/figure>\r\n\r\n\r\n\r\n<figure data-wp-context=\"{&quot;imageId&quot;:&quot;69f86d5098001&quot;}\" data-wp-interactive=\"core\/image\" data-wp-key=\"69f86d5098001\" class=\"wp-block-image size-large wp-lightbox-container\"><img loading=\"lazy\" decoding=\"async\" width=\"1200\" height=\"1200\" data-wp-class--hide=\"state.isContentHidden\" data-wp-class--show=\"state.isContentVisible\" data-wp-init=\"callbacks.setButtonStyles\" data-wp-on--click=\"actions.showLightbox\" data-wp-on--load=\"callbacks.setButtonStyles\" data-wp-on-window--resize=\"callbacks.setButtonStyles\" data-id=\"250\" class=\"wp-image-250\" src=\"https:\/\/admin.zpkb.eu\/wp-content\/uploads\/2026\/03\/PD2.jpg\" alt=\"Maison de Pilsen\" srcset=\"https:\/\/admin.zpkb.eu\/wp-content\/uploads\/2026\/03\/PD2.jpg 1200w, https:\/\/admin.zpkb.eu\/wp-content\/uploads\/2026\/03\/PD2-1000x1000.jpg 1000w, https:\/\/admin.zpkb.eu\/wp-content\/uploads\/2026\/03\/PD2-500x500.jpg 500w, https:\/\/admin.zpkb.eu\/wp-content\/uploads\/2026\/03\/PD2-768x768.jpg 768w\" sizes=\"auto, (max-width: 1200px) 100vw, 1200px\" \/><button\n\t\t\tclass=\"lightbox-trigger\"\n\t\t\ttype=\"button\"\n\t\t\taria-haspopup=\"dialog\"\n\t\t\taria-label=\"Agrandir\"\n\t\t\tdata-wp-init=\"callbacks.initTriggerButton\"\n\t\t\tdata-wp-on--click=\"actions.showLightbox\"\n\t\t\tdata-wp-style--right=\"state.imageButtonRight\"\n\t\t\tdata-wp-style--top=\"state.imageButtonTop\"\n\t\t>\n\t\t\t<svg xmlns=\"http:\/\/www.w3.org\/2000\/svg\" width=\"12\" height=\"12\" fill=\"none\" viewBox=\"0 0 12 12\">\n\t\t\t\t<path fill=\"#fff\" d=\"M2 0a2 2 0 0 0-2 2v2h1.5V2a.5.5 0 0 1 .5-.5h2V0H2Zm2 10.5H2a.5.5 0 0 1-.5-.5V8H0v2a2 2 0 0 0 2 2h2v-1.5ZM8 12v-1.5h2a.5.5 0 0 0 .5-.5V8H12v2a2 2 0 0 1-2 2H8Zm2-12a2 2 0 0 1 2 2v2h-1.5V2a.5.5 0 0 0-.5-.5H8V0h2Z\" \/>\n\t\t\t<\/svg>\n\t\t<\/button><\/figure>\r\n<\/figure>\r\n\r\n\r\n\r\n<div class=\"wp-block-spacer\" style=\"height: 70px;\" aria-hidden=\"true\">&nbsp;<\/div>\r\n","protected":false},"excerpt":{"rendered":"<p>Nous d\u00e9fendons les int\u00e9r\u00eats de la r\u00e9gion de Plze\u0148 aupr\u00e8s de la Commission europ\u00e9enne, du Parlement europ\u00e9en et du Comit\u00e9 des r\u00e9gions. Nous suivons l\u2019\u00e9volution des politiques de l\u2019UE qui ont un impact majeur sur notre r\u00e9gion. Nous sensibilisons le public \u00e0 notre r\u00e9gion \u00e0 Bruxelles en reliant cultures et entreprises.<\/p>\n","protected":false},"author":2,"featured_media":0,"parent":0,"menu_order":0,"comment_status":"closed","ping_status":"open","template":"","meta":{"footnotes":""},"class_list":["post-2","page","type-page","status-publish","hentry"],"_links":{"self":[{"href":"https:\/\/admin.zpkb.eu\/fr\/wp-json\/wp\/v2\/pages\/2","targetHints":{"allow":["GET"]}}],"collection":[{"href":"https:\/\/admin.zpkb.eu\/fr\/wp-json\/wp\/v2\/pages"}],"about":[{"href":"https:\/\/admin.zpkb.eu\/fr\/wp-json\/wp\/v2\/types\/page"}],"author":[{"embeddable":true,"href":"https:\/\/admin.zpkb.eu\/fr\/wp-json\/wp\/v2\/users\/2"}],"replies":[{"embeddable":true,"href":"https:\/\/admin.zpkb.eu\/fr\/wp-json\/wp\/v2\/comments?post=2"}],"version-history":[{"count":56,"href":"https:\/\/admin.zpkb.eu\/fr\/wp-json\/wp\/v2\/pages\/2\/revisions"}],"predecessor-version":[{"id":665,"href":"https:\/\/admin.zpkb.eu\/fr\/wp-json\/wp\/v2\/pages\/2\/revisions\/665"}],"wp:attachment":[{"href":"https:\/\/admin.zpkb.eu\/fr\/wp-json\/wp\/v2\/media?parent=2"}],"curies":[{"name":"wp","href":"https:\/\/api.w.org\/{rel}","templated":true}]}}