{"id":205,"date":"2026-02-27T16:43:48","date_gmt":"2026-02-27T15:43:48","guid":{"rendered":"https:\/\/admin.zpkb.eu\/?page_id=205"},"modified":"2026-04-19T13:54:28","modified_gmt":"2026-04-19T11:54:28","slug":"akce","status":"publish","type":"page","link":"https:\/\/admin.zpkb.eu\/fr\/evenements\/","title":{"rendered":"\u00c9v\u00e9nements"},"content":{"rendered":"\r\n<section class=\"text-token-text-primary w-full focus:outline-none [--shadow-height:45px] has-data-writing-block:pointer-events-none has-data-writing-block:-mt-(--shadow-height) has-data-writing-block:pt-(--shadow-height) [&amp;:has([data-writing-block])&gt;*]:pointer-events-auto scroll-mt-(--header-height)\" dir=\"auto\" data-turn-id=\"9a081d85-b6d2-45f4-8cdf-387ca7dce84e\" data-testid=\"conversation-turn-5\" data-scroll-anchor=\"false\" data-turn=\"user\"><\/section>\r\n<section class=\"text-token-text-primary w-full focus:outline-none [--shadow-height:45px] has-data-writing-block:pointer-events-none has-data-writing-block:-mt-(--shadow-height) has-data-writing-block:pt-(--shadow-height) [&amp;:has([data-writing-block])&gt;*]:pointer-events-auto scroll-mt-[calc(var(--header-height)+min(200px,max(70px,20svh)))]\" dir=\"auto\" data-turn-id=\"request-WEB:868ea3fe-e79f-4390-aca0-0f26c7efaf3a-2\" data-testid=\"conversation-turn-6\" data-scroll-anchor=\"true\" data-turn=\"assistant\">\r\n<div class=\"text-base my-auto mx-auto pb-10 [--thread-content-margin:var(--thread-content-margin-xs,calc(var(--spacing)*4))] @w-sm\/main:[--thread-content-margin:var(--thread-content-margin-sm,calc(var(--spacing)*6))] @w-lg\/main:[--thread-content-margin:var(--thread-content-margin-lg,calc(var(--spacing)*16))] px-(--thread-content-margin)\">\r\n<div class=\"[--thread-content-max-width:40rem] @w-lg\/main:[--thread-content-max-width:48rem] mx-auto max-w-(--thread-content-max-width) flex-1 group\/turn-messages focus-visible:outline-hidden relative flex w-full min-w-0 flex-col agent-turn\">\r\n<div class=\"flex max-w-full flex-col gap-4 grow\">\r\n<div class=\"min-h-8 text-message relative flex w-full flex-col items-end gap-2 text-start break-words whitespace-normal outline-none keyboard-focused:focus-ring [.text-message+&amp;]:mt-1\" dir=\"auto\" tabindex=\"0\" data-message-author-role=\"assistant\" data-message-id=\"b912aba4-7c21-4434-bd6e-ef54a820cac9\" data-message-model-slug=\"gpt-5-3\" data-turn-start-message=\"true\">\r\n<div class=\"flex w-full flex-col gap-1 empty:hidden\">\r\n<div class=\"markdown prose dark:prose-invert w-full wrap-break-word light markdown-new-styling\">\r\n<p data-start=\"0\" data-end=\"104\"><strong data-start=\"0\" data-end=\"104\">23 avril 2026 \u00e0 18h30: Vernissage de l\u2019exposition consacr\u00e9e \u00e0 <span class=\"hover:entity-accent entity-underline inline cursor-pointer align-baseline\"><span class=\"whitespace-normal\">Bohumil Kone\u010dn\u00fd<\/span><\/span><\/strong><\/p>\r\n<p data-start=\"106\" data-end=\"728\">Peintre et illustrateur exceptionnel de la seconde moiti\u00e9 du XXe si\u00e8cle, aujourd\u2019hui red\u00e9couvert, Bohumil Kone\u010dn\u00fd fut un ma\u00eetre des illustrations d\u2019aventure dynamiques et des dessins de belles femmes. Les g\u00e9n\u00e9rations dites \u00ab enfants de Hus\u00e1k \u00bb ainsi que les plus \u00e2g\u00e9es reconna\u00eetront ses illustrations dans les livres de <span class=\"hover:entity-accent entity-underline inline cursor-pointer align-baseline\"><span class=\"whitespace-normal\">Jaroslav Foglar<\/span><\/span> et <span class=\"hover:entity-accent entity-underline inline cursor-pointer align-baseline\"><span class=\"whitespace-normal\">Otakar Batli\u010dka<\/span><\/span>. Il est \u00e9galement l\u2019auteur de nombreuses affiches publicitaires. Sa carri\u00e8re a \u00e9t\u00e9 fortement marqu\u00e9e par l\u2019affaire de l\u2019h\u00e9ro\u00efne de bande dessin\u00e9e Amazona \u2013 Octobriana, admir\u00e9e m\u00eame par <span class=\"hover:entity-accent entity-underline inline cursor-pointer align-baseline\"><span class=\"whitespace-normal\">David Bowie<\/span><\/span>.<\/p>\r\n<p data-start=\"730\" data-end=\"1349\"><span class=\"hover:entity-accent entity-underline inline cursor-pointer align-baseline\"><span class=\"whitespace-normal\">K\u00e1ja Saudek<\/span><\/span> a \u00e9crit \u00e0 son sujet: \u00abBohumil Kone\u010dn\u00fd m\u2019a le plus influenc\u00e9 \u2014 un nom qui aujourd\u2019hui ne dira sans doute plus rien \u00e0 personne. C\u2019\u00e9tait un homme qui, en 1937 ou 1938, savait faire ce qu\u2019\u00e0 peine quelques dizaines de peintres aux \u00c9tats-Unis savent faire aujourd\u2019hui. Il \u00e9tait incomparable. M\u00eame <span class=\"hover:entity-accent entity-underline inline cursor-pointer align-baseline\"><span class=\"whitespace-normal\">Zden\u011bk Burian<\/span><\/span> \u2014 pourtant un nom prestigieux que je respecte \u2014 \u00e9tait un amateur en comparaison. Ce Bohumil Kone\u010dn\u00fd, totalement oubli\u00e9 et non reconnu de son vivant, \u00e9tait un g\u00e9nie absolu comme on n\u2019en verra plus. Tout ce que je sais, c\u2019est lui qui me l\u2019a appris.\u00bb<\/p>\r\n<p data-start=\"1351\" data-end=\"1592\">Comme d\u2019habitude, le service de restauration sera assur\u00e9 par le c\u00e9l\u00e8bre sp\u00e9cialiste culinaire bruxellois Ji\u0159\u00ed Sikora, et l\u2019ambiance de l\u2019\u00e9v\u00e9nement sera enrichie par une prestation vocale des \u00e9tudiants du lyc\u00e9e de la place Mikul\u00e1\u0161sk\u00e9 \u00e0 Pilsen.<\/p>\r\n<p data-start=\"1594\" data-end=\"1655\">Merci de confirmer votre participation \u00e0: <a href=\"mailto: info@zpkb.eu\"><strong>info@zpkb.eu<\/strong><\/a><\/p>\r\n<\/div>\r\n<\/div>\r\n<\/div>\r\n<\/div>\r\n<\/div>\r\n<\/div>\r\n<\/section>\r\n\r\n\r\n\r\n<figure class=\"wp-block-image size-medium\"><img loading=\"lazy\" decoding=\"async\" width=\"1000\" height=\"687\" class=\"wp-image-701\" src=\"https:\/\/admin.zpkb.eu\/wp-content\/uploads\/koncny-1000x687.jpg\" alt=\"Bohumil Konecny\" srcset=\"https:\/\/admin.zpkb.eu\/wp-content\/uploads\/koncny-1000x687.jpg 1000w, https:\/\/admin.zpkb.eu\/wp-content\/uploads\/koncny-1500x1030.jpg 1500w, https:\/\/admin.zpkb.eu\/wp-content\/uploads\/koncny-768x528.jpg 768w, https:\/\/admin.zpkb.eu\/wp-content\/uploads\/koncny-1536x1055.jpg 1536w, https:\/\/admin.zpkb.eu\/wp-content\/uploads\/koncny-2048x1407.jpg 2048w\" sizes=\"auto, (max-width: 1000px) 100vw, 1000px\" \/><\/figure>\r\n\r\n\r\n\r\n<div class=\"wp-block-spacer\" style=\"height: 40px;\" aria-hidden=\"true\">&nbsp;<\/div>\r\n\r\n\r\n\r\n<p data-start=\"1663\" data-end=\"1700\"><strong data-start=\"1663\" data-end=\"1700\">26 juin 2026 : Czech Street Party<\/strong><\/p>\r\n<p data-start=\"1702\" data-end=\"1785\">Traditionnellement, il s\u2019agit du plus grand \u00e9v\u00e9nement culturel tch\u00e8que \u00e0 Bruxelles.<\/p>\r\n<p data-start=\"1787\" data-end=\"1928\" data-is-last-node=\"\" data-is-only-node=\"\">Le programme comprend de <strong>la musique tch\u00e8que, de la nourriture, de la bi\u00e8re, ainsi que des pr\u00e9sentations des r\u00e9gions et institutions tch\u00e8ques.<\/strong><\/p>\r\n\r\n\r\n\r\n<p>&nbsp;<\/p>\r\n","protected":false},"excerpt":{"rendered":"<p>Qu\u2019est-ce qui nous attend en 2026?<\/p>\n","protected":false},"author":2,"featured_media":0,"parent":0,"menu_order":0,"comment_status":"closed","ping_status":"closed","template":"","meta":{"footnotes":""},"class_list":["post-205","page","type-page","status-publish","hentry"],"_links":{"self":[{"href":"https:\/\/admin.zpkb.eu\/fr\/wp-json\/wp\/v2\/pages\/205","targetHints":{"allow":["GET"]}}],"collection":[{"href":"https:\/\/admin.zpkb.eu\/fr\/wp-json\/wp\/v2\/pages"}],"about":[{"href":"https:\/\/admin.zpkb.eu\/fr\/wp-json\/wp\/v2\/types\/page"}],"author":[{"embeddable":true,"href":"https:\/\/admin.zpkb.eu\/fr\/wp-json\/wp\/v2\/users\/2"}],"replies":[{"embeddable":true,"href":"https:\/\/admin.zpkb.eu\/fr\/wp-json\/wp\/v2\/comments?post=205"}],"version-history":[{"count":5,"href":"https:\/\/admin.zpkb.eu\/fr\/wp-json\/wp\/v2\/pages\/205\/revisions"}],"predecessor-version":[{"id":703,"href":"https:\/\/admin.zpkb.eu\/fr\/wp-json\/wp\/v2\/pages\/205\/revisions\/703"}],"wp:attachment":[{"href":"https:\/\/admin.zpkb.eu\/fr\/wp-json\/wp\/v2\/media?parent=205"}],"curies":[{"name":"wp","href":"https:\/\/api.w.org\/{rel}","templated":true}]}}