{"id":374,"date":"2026-03-06T10:00:55","date_gmt":"2026-03-06T09:00:55","guid":{"rendered":"https:\/\/admin.zpkb.eu\/?page_id=374"},"modified":"2026-03-06T22:24:36","modified_gmt":"2026-03-06T21:24:36","slug":"zasady-ochrany-osobnich-udaju","status":"publish","type":"page","link":"https:\/\/admin.zpkb.eu\/fr\/politique-de-protection-des-donnees-a-caractere-personnel\/","title":{"rendered":"Politique de protection des donn\u00e9es \u00e0 caract\u00e8re personnel"},"content":{"rendered":"\r\n\r\n<article class=\"text-token-text-primary w-full focus:outline-none [--shadow-height:45px] has-data-writing-block:pointer-events-none has-data-writing-block:-mt-(--shadow-height) has-data-writing-block:pt-(--shadow-height) [&amp;:has([data-writing-block])&gt;*]:pointer-events-auto scroll-mt-[calc(var(--header-height)+min(200px,max(70px,20svh)))]\" dir=\"auto\" tabindex=\"-1\" data-turn-id=\"request-WEB:3d9a5e4c-1584-4e82-8e6f-46ee272abd23-4\" data-testid=\"conversation-turn-10\" data-scroll-anchor=\"false\" data-turn=\"assistant\">\r\n<div class=\"text-base my-auto mx-auto [--thread-content-margin:var(--thread-content-margin-xs,calc(var(--spacing)*4))] @w-sm\/main:[--thread-content-margin:var(--thread-content-margin-sm,calc(var(--spacing)*6))] @w-lg\/main:[--thread-content-margin:var(--thread-content-margin-lg,calc(var(--spacing)*16))] px-(--thread-content-margin)\">\r\n<div class=\"[--thread-content-max-width:40rem] @w-lg\/main:[--thread-content-max-width:48rem] mx-auto max-w-(--thread-content-max-width) flex-1 group\/turn-messages focus-visible:outline-hidden relative flex w-full min-w-0 flex-col agent-turn\" tabindex=\"-1\">\r\n<div class=\"flex max-w-full flex-col gap-4 grow\">\r\n<div class=\"min-h-8 text-message relative flex w-full flex-col items-end gap-2 text-start break-words whitespace-normal [.text-message+&amp;]:mt-1\" dir=\"auto\" data-message-author-role=\"assistant\" data-message-id=\"c1aff158-0ca0-49cf-9a45-b401385d1f77\" data-message-model-slug=\"gpt-5-mini\">\r\n<div class=\"flex w-full flex-col gap-1 empty:hidden\">\r\n<div class=\"markdown prose dark:prose-invert w-full wrap-break-word light markdown-new-styling\">\r\n<p data-start=\"61\" data-end=\"130\"><strong data-start=\"61\" data-end=\"128\">D\u00e9claration sur le traitement des donn\u00e9es \u00e0 caract\u00e8re personnel<\/strong><\/p>\r\n<p data-start=\"132\" data-end=\"560\">D\u00e9claration sur le traitement des donn\u00e9es \u00e0 caract\u00e8re personnel conform\u00e9ment au R\u00e8glement (UE) 2016\/679 du Parlement europ\u00e9en et du Conseil du 27 avril 2016 relatif \u00e0 la protection des personnes physiques \u00e0 l\u2019\u00e9gard du traitement des donn\u00e9es \u00e0 caract\u00e8re personnel et \u00e0 la libre circulation de ces donn\u00e9es, et abrogeant la directive 95\/46\/CE (ci-apr\u00e8s le \u00ab R\u00e8glement g\u00e9n\u00e9ral \u00bb), ainsi que l\u2019information des personnes concern\u00e9es.<\/p>\r\n<p data-start=\"562\" data-end=\"605\"><strong data-start=\"562\" data-end=\"603\">Responsable du traitement des donn\u00e9es<\/strong><\/p>\r\n<p data-start=\"607\" data-end=\"958\">R\u00e9gion de Pilsen, Bureau r\u00e9gional de la R\u00e9gion de Pilsen, n\u00b0 d\u2019identification (I\u010cO) : 70890366, dont le si\u00e8ge est \u00e0 \u0160kroupova 18, 306 13 Pilsen (ci-apr\u00e8s le \u00ab Responsable \u00bb), informe par la pr\u00e9sente les personnes concern\u00e9es, conform\u00e9ment \u00e0 l\u2019article 12 du R\u00e8glement g\u00e9n\u00e9ral, sur le traitement de leurs donn\u00e9es \u00e0 caract\u00e8re personnel et sur leurs droits.<\/p>\r\n<p data-start=\"960\" data-end=\"1021\"><strong data-start=\"960\" data-end=\"1019\">\u00c9tendue du traitement des donn\u00e9es \u00e0 caract\u00e8re personnel<\/strong><\/p>\r\n<p data-start=\"1023\" data-end=\"1415\">Les donn\u00e9es \u00e0 caract\u00e8re personnel sont trait\u00e9es dans la mesure o\u00f9 elles ont \u00e9t\u00e9 fournies au Responsable par la personne concern\u00e9e, en lien avec la conclusion d\u2019un contrat ou d\u2019une autre relation juridique avec le Responsable, ou collect\u00e9es autrement par le Responsable et trait\u00e9es conform\u00e9ment aux dispositions l\u00e9gales applicables ou pour l\u2019ex\u00e9cution des obligations l\u00e9gales du Responsable.<\/p>\r\n<p data-start=\"1417\" data-end=\"1464\"><strong data-start=\"1417\" data-end=\"1462\">Sources des donn\u00e9es \u00e0 caract\u00e8re personnel<\/strong><\/p>\r\n\r\n<ul>\r\n \t<li data-start=\"1468\" data-end=\"1596\">Directement aupr\u00e8s de la personne concern\u00e9e (par exemple via le formulaire de contact sur le site web de la R\u00e9gion de Pilsen) ;<\/li>\r\n \t<li data-start=\"1599\" data-end=\"1642\">Autres autorit\u00e9s publiques ou \u00e9tatiques ;<\/li>\r\n \t<li data-start=\"1645\" data-end=\"1682\">Registres non publics (ISEO, ROB) ;<\/li>\r\n \t<li data-start=\"1685\" data-end=\"1859\">Registres, r\u00e9pertoires, listes et bases de donn\u00e9es accessibles au public (ROS, R\u00daIAN, registre du commerce, registre des activit\u00e9s commerciales, cadastre immobilier, etc.).<\/li>\r\n<\/ul>\r\n<p data-start=\"1861\" data-end=\"1919\"><strong data-start=\"1861\" data-end=\"1917\">Cat\u00e9gories de donn\u00e9es \u00e0 caract\u00e8re personnel trait\u00e9es<\/strong><\/p>\r\n\r\n<ul>\r\n \t<li data-start=\"1923\" data-end=\"2233\">Donn\u00e9es d\u2019identification et d\u2019adresse permettant l\u2019identification unique de la personne concern\u00e9e (par exemple nom, pr\u00e9nom, titre, date de naissance, adresse permanente, num\u00e9ro d\u2019identification de soci\u00e9t\u00e9, num\u00e9ro de TVA) et donn\u00e9es de contact (adresse, t\u00e9l\u00e9phone, fax, courriel, ou informations similaires) ;<\/li>\r\n \t<li data-start=\"2236\" data-end=\"2296\">Donn\u00e9es descriptives (par exemple coordonn\u00e9es bancaires) ;<\/li>\r\n \t<li data-start=\"2299\" data-end=\"2356\">Autres donn\u00e9es n\u00e9cessaires \u00e0 l\u2019ex\u00e9cution d\u2019un contrat ;<\/li>\r\n \t<li data-start=\"2359\" data-end=\"2596\">Donn\u00e9es fournies au-del\u00e0 des obligations l\u00e9gales et trait\u00e9es sur la base du consentement de la personne concern\u00e9e (par exemple traitement de photographies, utilisation des donn\u00e9es personnelles \u00e0 des fins de gestion du personnel, etc.).<\/li>\r\n<\/ul>\r\n<p data-start=\"2598\" data-end=\"2638\"><strong data-start=\"2598\" data-end=\"2636\">Cat\u00e9gories de personnes concern\u00e9es<\/strong><\/p>\r\n\r\n<ul>\r\n \t<li data-start=\"2642\" data-end=\"2669\">Employ\u00e9s du Responsable ;<\/li>\r\n \t<li data-start=\"2672\" data-end=\"2697\">Autorit\u00e9s de contr\u00f4le ;<\/li>\r\n \t<li data-start=\"2700\" data-end=\"2766\">Autres personnes en relation contractuelle avec le Responsable ;<\/li>\r\n \t<li data-start=\"2769\" data-end=\"2792\">Candidats \u00e0 l\u2019emploi.<\/li>\r\n<\/ul>\r\n<p data-start=\"2794\" data-end=\"2861\"><strong data-start=\"2794\" data-end=\"2859\">Cat\u00e9gories de destinataires des donn\u00e9es \u00e0 caract\u00e8re personnel<\/strong><\/p>\r\n\r\n<ul>\r\n \t<li data-start=\"2865\" data-end=\"2890\">Autorit\u00e9s de contr\u00f4le ;<\/li>\r\n \t<li data-start=\"2893\" data-end=\"2913\">Services fiscaux ;<\/li>\r\n \t<li data-start=\"2916\" data-end=\"2959\">Organismes de l\u2019administration publique ;<\/li>\r\n \t<li data-start=\"2962\" data-end=\"2980\">Sous-traitants ;<\/li>\r\n \t<li data-start=\"2983\" data-end=\"3067\">Autorit\u00e9s \u00e9tatiques ou autres autorit\u00e9s pour l\u2019ex\u00e9cution des obligations l\u00e9gales ;<\/li>\r\n \t<li data-start=\"3070\" data-end=\"3093\">Autres destinataires.<\/li>\r\n<\/ul>\r\n<p data-start=\"3095\" data-end=\"3158\"><strong data-start=\"3095\" data-end=\"3156\">Finalit\u00e9s du traitement des donn\u00e9es \u00e0 caract\u00e8re personnel<\/strong><\/p>\r\n\r\n<ul>\r\n \t<li data-start=\"3162\" data-end=\"3238\">Finalit\u00e9s pr\u00e9vues dans le cadre du consentement de la personne concern\u00e9e ;<\/li>\r\n \t<li data-start=\"3241\" data-end=\"3284\">N\u00e9gociation de relations contractuelles ;<\/li>\r\n \t<li data-start=\"3287\" data-end=\"3313\">Ex\u00e9cution d\u2019un contrat ;<\/li>\r\n \t<li data-start=\"3316\" data-end=\"3443\">Protection des droits du Responsable, des destinataires ou d\u2019autres personnes concern\u00e9es (par ex. recouvrement de cr\u00e9ances) ;<\/li>\r\n \t<li data-start=\"3446\" data-end=\"3481\">Archivage sur la base de la loi ;<\/li>\r\n \t<li data-start=\"3484\" data-end=\"3523\">Recrutement pour des postes vacants ;<\/li>\r\n \t<li data-start=\"3526\" data-end=\"3576\">Respect des obligations l\u00e9gales du Responsable ;<\/li>\r\n \t<li data-start=\"3579\" data-end=\"3637\">Protection des int\u00e9r\u00eats vitaux de la personne concern\u00e9e.<\/li>\r\n<\/ul>\r\n<p data-start=\"3639\" data-end=\"3715\"><strong data-start=\"3639\" data-end=\"3713\">M\u00e9thodes de traitement et protection des donn\u00e9es \u00e0 caract\u00e8re personnel<\/strong><\/p>\r\n<p data-start=\"3717\" data-end=\"4547\">Les donn\u00e9es \u00e0 caract\u00e8re personnel sont trait\u00e9es par le Responsable. Le traitement s\u2019effectue au si\u00e8ge du Responsable par des employ\u00e9s autoris\u00e9s ou, le cas \u00e9ch\u00e9ant, par un sous-traitant. Le traitement peut \u00eatre r\u00e9alis\u00e9 \u00e0 l\u2019aide de syst\u00e8mes informatiques ou manuellement pour les documents papier, en respectant toutes les r\u00e8gles de s\u00e9curit\u00e9 relatives \u00e0 la gestion et au traitement des donn\u00e9es personnelles. Le Responsable a mis en place des mesures techniques et organisationnelles pour prot\u00e9ger les donn\u00e9es, notamment afin de pr\u00e9venir tout acc\u00e8s non autoris\u00e9, alt\u00e9ration, destruction, perte, transfert non autoris\u00e9 ou autre usage abusif des donn\u00e9es personnelles. Toutes les personnes ayant acc\u00e8s aux donn\u00e9es respectent le droit \u00e0 la vie priv\u00e9e et sont tenues de respecter la l\u00e9gislation applicable sur la protection des donn\u00e9es.<\/p>\r\n<p data-start=\"4549\" data-end=\"4834\">Le Responsable s\u2019engage \u00e0 traiter les donn\u00e9es personnelles conform\u00e9ment \u00e0 la loi et \u00e0 les utiliser uniquement dans la mesure n\u00e9cessaire \u00e0 la r\u00e9alisation des finalit\u00e9s pour lesquelles elles ont \u00e9t\u00e9 collect\u00e9es, en veillant toujours \u00e0 pr\u00e9venir tout pr\u00e9judice pour la personne concern\u00e9e.<\/p>\r\n<p data-start=\"4836\" data-end=\"5044\">Si le Responsable souhaite transmettre les donn\u00e9es \u00e0 des tiers et qu\u2019un consentement est requis, la personne concern\u00e9e sera sollicit\u00e9e pour donner son accord, par exemple lors de la conclusion d\u2019un contrat.<\/p>\r\n<p data-start=\"5046\" data-end=\"5105\"><strong data-start=\"5046\" data-end=\"5103\">Dur\u00e9e du traitement des donn\u00e9es \u00e0 caract\u00e8re personnel<\/strong><\/p>\r\n<p data-start=\"5107\" data-end=\"5423\">Conform\u00e9ment aux d\u00e9lais pr\u00e9vus dans les contrats pertinents, le r\u00e8glement de classement et d\u2019archivage du Responsable ou la l\u00e9gislation applicable, les donn\u00e9es seront conserv\u00e9es uniquement le temps n\u00e9cessaire pour assurer les droits et obligations d\u00e9coulant de la relation contractuelle ou des obligations l\u00e9gales.<\/p>\r\n<p data-start=\"5425\" data-end=\"5467\"><strong data-start=\"5425\" data-end=\"5465\">Information aux personnes concern\u00e9es<\/strong><\/p>\r\n<p data-start=\"5469\" data-end=\"5704\">Le Responsable traite les donn\u00e9es personnelles sur la base du consentement de la personne concern\u00e9e (qui peut \u00eatre donn\u00e9 pour une ou plusieurs finalit\u00e9s sp\u00e9cifiques) sauf dans les cas o\u00f9 la loi permet le traitement sans consentement.<\/p>\r\n<p data-start=\"5706\" data-end=\"5822\">Conform\u00e9ment \u00e0 l\u2019article 6(1) du R\u00e8glement g\u00e9n\u00e9ral, le Responsable peut traiter les donn\u00e9es sans consentement si :<\/p>\r\n\r\n<ul>\r\n \t<li data-start=\"5826\" data-end=\"6030\">Le traitement est n\u00e9cessaire \u00e0 l\u2019ex\u00e9cution d\u2019un contrat dont la personne concern\u00e9e est partie, ou pour prendre des mesures pr\u00e9alables \u00e0 la conclusion d\u2019un contrat \u00e0 la demande de la personne concern\u00e9e ;<\/li>\r\n \t<li data-start=\"6033\" data-end=\"6128\">Le traitement est n\u00e9cessaire pour respecter une obligation l\u00e9gale applicable au Responsable ;<\/li>\r\n \t<li data-start=\"6131\" data-end=\"6255\">Le traitement est n\u00e9cessaire pour prot\u00e9ger les int\u00e9r\u00eats vitaux de la personne concern\u00e9e ou d\u2019une autre personne physique ;<\/li>\r\n \t<li data-start=\"6258\" data-end=\"6407\">Le traitement est n\u00e9cessaire \u00e0 l\u2019ex\u00e9cution d\u2019une mission d\u2019int\u00e9r\u00eat public ou relevant de l\u2019exercice de l\u2019autorit\u00e9 publique confi\u00e9e au Responsable ;<\/li>\r\n \t<li data-start=\"6410\" data-end=\"6647\">Le traitement est n\u00e9cessaire aux int\u00e9r\u00eats l\u00e9gitimes du Responsable ou d\u2019un tiers, sauf si ces int\u00e9r\u00eats sont supplant\u00e9s par les droits et libert\u00e9s fondamentaux de la personne concern\u00e9e n\u00e9cessitant la protection des donn\u00e9es personnelles.<\/li>\r\n<\/ul>\r\n<p data-start=\"6649\" data-end=\"6686\"><strong data-start=\"6649\" data-end=\"6684\">Droits des personnes concern\u00e9es<\/strong><\/p>\r\n<p data-start=\"6688\" data-end=\"6884\">Conform\u00e9ment \u00e0 l\u2019article 12 du R\u00e8glement g\u00e9n\u00e9ral, le Responsable informe les personnes concern\u00e9es, sur demande, de leur droit d\u2019acc\u00e8s \u00e0 leurs donn\u00e9es personnelles et des informations suivantes :<\/p>\r\n\r\n<ul>\r\n \t<li data-start=\"6888\" data-end=\"6914\">Finalit\u00e9 du traitement ;<\/li>\r\n \t<li data-start=\"6917\" data-end=\"6953\">Cat\u00e9gories de donn\u00e9es concern\u00e9es ;<\/li>\r\n \t<li data-start=\"6956\" data-end=\"7004\">Destinataires ou cat\u00e9gories de destinataires ;<\/li>\r\n \t<li data-start=\"7007\" data-end=\"7039\">Dur\u00e9e de conservation pr\u00e9vue ;<\/li>\r\n \t<li data-start=\"7042\" data-end=\"7176\">Toutes les informations disponibles sur la source des donn\u00e9es si elles n\u2019ont pas \u00e9t\u00e9 obtenues directement de la personne concern\u00e9e ;<\/li>\r\n \t<li data-start=\"7179\" data-end=\"7247\">Si un traitement automatis\u00e9, y compris le profilage, est effectu\u00e9.<\/li>\r\n<\/ul>\r\n<p data-start=\"7249\" data-end=\"7484\">Toute personne qui constate ou estime que le Responsable ou le sous-traitant traite ses donn\u00e9es personnelles en violation de la vie priv\u00e9e ou de la loi, en particulier si les donn\u00e9es sont inexactes par rapport \u00e0 leur finalit\u00e9, peut :<\/p>\r\n\r\n<ul>\r\n \t<li data-start=\"7488\" data-end=\"7532\">Demander des explications au Responsable ;<\/li>\r\n \t<li data-start=\"7535\" data-end=\"7697\">Demander la correction, la compl\u00e9tion ou la suppression des donn\u00e9es personnelles. Si la demande est justifi\u00e9e, le Responsable r\u00e9glera imm\u00e9diatement le probl\u00e8me.<\/li>\r\n<\/ul>\r\n<p data-start=\"7699\" data-end=\"7994\">Les demandes doivent toujours \u00eatre examin\u00e9es attentivement. En cas de doute sur l\u2019identit\u00e9 de la personne qui fait la demande, le Responsable peut demander des informations suppl\u00e9mentaires pour confirmer l\u2019identit\u00e9 de la personne concern\u00e9e, conform\u00e9ment \u00e0 l\u2019article 12(6) du R\u00e8glement g\u00e9n\u00e9ral.<\/p>\r\n<p data-start=\"7996\" data-end=\"8310\">Pour les demandes en vertu des articles 15 \u00e0 22 du R\u00e8glement g\u00e9n\u00e9ral, les informations sur les mesures prises doivent \u00eatre fournies sans retard indu et au plus tard dans un d\u00e9lai d\u2019un mois. Dans des cas exceptionnels, ce d\u00e9lai peut \u00eatre prolong\u00e9 de deux mois, avec information du sujet concern\u00e9 et justification.<\/p>\r\n<p data-start=\"8312\" data-end=\"8565\">Toutes les informations et actions selon les articles 13, 14, 15\u201322 et 34 du R\u00e8glement g\u00e9n\u00e9ral sont fournies gratuitement. Seules les demandes manifestement infond\u00e9es ou excessives peuvent entra\u00eener des frais raisonnables ou un refus, d\u00fbment justifi\u00e9.<\/p>\r\n<p data-start=\"8567\" data-end=\"8798\">Si le Responsable ne r\u00e9pond pas \u00e0 la demande, la personne concern\u00e9e peut contacter directement l\u2019autorit\u00e9 de contr\u00f4le, c\u2019est-\u00e0-dire l\u2019Office pour la protection des donn\u00e9es personnelles, sans avoir \u00e0 passer par le Responsable.<\/p>\r\n<p data-start=\"8800\" data-end=\"8841\"><strong data-start=\"8800\" data-end=\"8839\">D\u00e9l\u00e9gu\u00e9 \u00e0 la protection des donn\u00e9es<\/strong><\/p>\r\n<p data-start=\"8843\" data-end=\"9096\">Contact du D\u00e9l\u00e9gu\u00e9 \u00e0 la protection des donn\u00e9es du Bureau r\u00e9gional de la R\u00e9gion de Pilsen:<br data-start=\"8932\" data-end=\"8935\" \/>Mgr. Milan \u0160varc, responsable de l\u2019unit\u00e9 d\u2019audit interne, D\u00e9l\u00e9gu\u00e9 \u00e0 la protection des donn\u00e9es<br data-start=\"9028\" data-end=\"9031\" \/>T\u00e9l.: +420 377 195 751<br data-start=\"9054\" data-end=\"9057\" \/>E-mail: <a class=\"decorated-link cursor-pointer\" rel=\"noopener\" data-start=\"9066\" data-end=\"9094\">milan.svarc@plzensky-kraj.cz<\/a><\/p>\r\n\r\n<\/div>\r\n<\/div>\r\n<\/div>\r\n<\/div>\r\n<\/div>\r\n<\/div>\r\n<\/article> \r\n<figure class=\"wp-block-image size-thumbnail\"><img decoding=\"async\" class=\"wp-image-387\" src=\"https:\/\/admin.zpkb.eu\/wp-content\/uploads\/2026\/03\/Aktuality-3-300x300.png\" alt=\"GDPR\" \/><\/figure>\r\n","protected":false},"excerpt":{"rendered":"<p>D\u00e9claration sur le traitement des donn\u00e9es \u00e0 caract\u00e8re personnel D\u00e9claration sur le traitement des donn\u00e9es \u00e0 caract\u00e8re personnel conform\u00e9ment au R\u00e8glement (UE) 2016\/679 du Parlement europ\u00e9en et du Conseil du 27 avril 2016 relatif \u00e0 la protection des personnes physiques \u00e0 l\u2019\u00e9gard du traitement des donn\u00e9es \u00e0 caract\u00e8re personnel et \u00e0 la libre circulation de [&hellip;]<\/p>\n","protected":false},"author":1,"featured_media":0,"parent":0,"menu_order":0,"comment_status":"closed","ping_status":"closed","template":"","meta":{"footnotes":""},"class_list":["post-374","page","type-page","status-publish","hentry"],"_links":{"self":[{"href":"https:\/\/admin.zpkb.eu\/fr\/wp-json\/wp\/v2\/pages\/374","targetHints":{"allow":["GET"]}}],"collection":[{"href":"https:\/\/admin.zpkb.eu\/fr\/wp-json\/wp\/v2\/pages"}],"about":[{"href":"https:\/\/admin.zpkb.eu\/fr\/wp-json\/wp\/v2\/types\/page"}],"author":[{"embeddable":true,"href":"https:\/\/admin.zpkb.eu\/fr\/wp-json\/wp\/v2\/users\/1"}],"replies":[{"embeddable":true,"href":"https:\/\/admin.zpkb.eu\/fr\/wp-json\/wp\/v2\/comments?post=374"}],"version-history":[{"count":4,"href":"https:\/\/admin.zpkb.eu\/fr\/wp-json\/wp\/v2\/pages\/374\/revisions"}],"predecessor-version":[{"id":392,"href":"https:\/\/admin.zpkb.eu\/fr\/wp-json\/wp\/v2\/pages\/374\/revisions\/392"}],"wp:attachment":[{"href":"https:\/\/admin.zpkb.eu\/fr\/wp-json\/wp\/v2\/media?parent=374"}],"curies":[{"name":"wp","href":"https:\/\/api.w.org\/{rel}","templated":true}]}}