{"id":376,"date":"2026-03-06T10:01:13","date_gmt":"2026-03-06T09:01:13","guid":{"rendered":"https:\/\/admin.zpkb.eu\/?page_id=376"},"modified":"2026-03-10T22:21:41","modified_gmt":"2026-03-10T21:21:41","slug":"nastaveni-souboru-cookie","status":"publish","type":"page","link":"https:\/\/admin.zpkb.eu\/fr\/parametres-des-cookies\/","title":{"rendered":"Param\u00e8tres des cookies"},"content":{"rendered":"\r\n<p data-start=\"649\" data-end=\"873\">Ce site web <strong data-start=\"661\" data-end=\"702\">ne collecte ni n\u2019utilise aucun cookie<\/strong> ni aucune autre technologie de suivi pour stocker des informations sur les visiteurs. Aucune donn\u00e9e personnelle n\u2019est collect\u00e9e, enregistr\u00e9e ou trait\u00e9e via les cookies.<\/p>\r\n<p data-start=\"875\" data-end=\"1052\">Tout le contenu du site est accessible sans inscription ni stockage de donn\u00e9es sur votre appareil. Votre vie priv\u00e9e et la s\u00e9curit\u00e9 de vos informations sont notre priorit\u00e9.<\/p>\r\n<p data-start=\"1054\" data-end=\"1272\">Si, \u00e0 l\u2019avenir, des cookies devaient \u00eatre mis en place sur le site, vous en serez inform\u00e9(e) via une d\u00e9claration mise \u00e0 jour et vous aurez la possibilit\u00e9 de donner ou de refuser votre consentement \u00e0 leur utilisation.<\/p>\r\n","protected":false},"excerpt":{"rendered":"<p>Informations sur les cookies.<\/p>\n","protected":false},"author":1,"featured_media":0,"parent":0,"menu_order":0,"comment_status":"closed","ping_status":"closed","template":"","meta":{"footnotes":""},"class_list":["post-376","page","type-page","status-publish","hentry"],"_links":{"self":[{"href":"https:\/\/admin.zpkb.eu\/fr\/wp-json\/wp\/v2\/pages\/376","targetHints":{"allow":["GET"]}}],"collection":[{"href":"https:\/\/admin.zpkb.eu\/fr\/wp-json\/wp\/v2\/pages"}],"about":[{"href":"https:\/\/admin.zpkb.eu\/fr\/wp-json\/wp\/v2\/types\/page"}],"author":[{"embeddable":true,"href":"https:\/\/admin.zpkb.eu\/fr\/wp-json\/wp\/v2\/users\/1"}],"replies":[{"embeddable":true,"href":"https:\/\/admin.zpkb.eu\/fr\/wp-json\/wp\/v2\/comments?post=376"}],"version-history":[{"count":7,"href":"https:\/\/admin.zpkb.eu\/fr\/wp-json\/wp\/v2\/pages\/376\/revisions"}],"predecessor-version":[{"id":446,"href":"https:\/\/admin.zpkb.eu\/fr\/wp-json\/wp\/v2\/pages\/376\/revisions\/446"}],"wp:attachment":[{"href":"https:\/\/admin.zpkb.eu\/fr\/wp-json\/wp\/v2\/media?parent=376"}],"curies":[{"name":"wp","href":"https:\/\/api.w.org\/{rel}","templated":true}]}}