{"id":40,"date":"2026-02-20T09:57:00","date_gmt":"2026-02-20T08:57:00","guid":{"rendered":"https:\/\/minwordpress-295.rostiapp.cz\/?page_id=40"},"modified":"2026-03-21T21:27:40","modified_gmt":"2026-03-21T20:27:40","slug":"kontakty","status":"publish","type":"page","link":"https:\/\/admin.zpkb.eu\/fr\/contacts\/","title":{"rendered":"Contacts"},"content":{"rendered":"\r\n<h3 class=\"wp-block-heading\">Kontakty<\/h3>\r\n La Repr\u00e9sentation permanente de la R\u00e9gion de Pilsen \u00e0 Bruxelles est dirig\u00e9e par Mgr. Zbyn\u011bk Prokop.\r\n\r\n \r\n<figure class=\"wp-block-table\">\r\n<table class=\"has-fixed-layout\">\r\n<tbody>\r\n<tr>\r\n<td>t\u00e9l\u00e9phone<\/td>\r\n<td>+420 377 195&nbsp;583<\/td>\r\n<\/tr>\r\n<tr>\r\n<td>mobile<\/td>\r\n<td>+420 724 951 679 nebo +32 473 530 951<\/td>\r\n<\/tr>\r\n<tr>\r\n<td>e-mail<\/td>\r\n<td><a href=\"mailto:info@zpkb.eu\">info@zpkb.eu<\/a><\/td>\r\n<\/tr>\r\n<\/tbody>\r\n<\/table>\r\n<\/figure>\r\n \r\n<div class=\"wp-block-spacer\" style=\"height: 15px;\" aria-hidden=\"true\">&nbsp;<\/div>\r\n \r\n<h3 class=\"wp-block-heading has-text-align-left\">Voulez-vous nous rendre visite?<\/h3>\r\n \r\n<p data-start=\"0\" data-end=\"71\">Les heures d\u2019ouverture sont <strong>du lundi au vendredi<\/strong> : 9h00\u201312h00, 13h00\u201317h00.<\/p>\r\n<p data-start=\"73\" data-end=\"480\" data-is-last-node=\"\" data-is-only-node=\"\">Pour visiter le bureau de la R\u00e9gion de Pilsen \u00e0 Bruxelles, nous recommandons de prendre rendez-vous \u00e0 l\u2019avance. En raison de la participation \u00e0 diverses conf\u00e9rences, r\u00e9unions de travail ou si le repr\u00e9sentant se trouve dans la R\u00e9gion de Pilsen (g\u00e9n\u00e9ralement une semaine par mois), il se peut que personne ne soit pr\u00e9sent lors d\u2019une visite sans rendez-vous, car il n\u2019y a pas de service de r\u00e9ception permanent.<\/p>\r\n\r\n \r\n<div class=\"wp-block-spacer\" style=\"height: 15px;\" aria-hidden=\"true\">&nbsp;<\/div>\r\n \r\n<h3 class=\"wp-block-heading has-text-align-left\">O\u00f9 nous trouver\u202f?<\/h3>\r\n \r\n<div class=\"wp-block-media-text is-stacked-on-mobile\" style=\"grid-template-columns: 47% auto;\">\r\n<figure class=\"wp-block-media-text__media\"><img loading=\"lazy\" decoding=\"async\" width=\"1200\" height=\"1200\" class=\"wp-image-240 size-full\" src=\"https:\/\/admin.zpkb.eu\/wp-content\/uploads\/2026\/03\/mapa_zpkb.jpg\" alt=\"Mapa Plze\u0148sk\u00e9 kancel\u00e1\u0159e\" srcset=\"https:\/\/admin.zpkb.eu\/wp-content\/uploads\/2026\/03\/mapa_zpkb.jpg 1200w, https:\/\/admin.zpkb.eu\/wp-content\/uploads\/2026\/03\/mapa_zpkb-1000x1000.jpg 1000w, https:\/\/admin.zpkb.eu\/wp-content\/uploads\/2026\/03\/mapa_zpkb-500x500.jpg 500w, https:\/\/admin.zpkb.eu\/wp-content\/uploads\/2026\/03\/mapa_zpkb-768x768.jpg 768w\" sizes=\"auto, (max-width: 1200px) 100vw, 1200px\" \/><\/figure>\r\n<div class=\"wp-block-media-text__content\">\r\n<p data-start=\"0\" data-end=\"327\">Le bureau de la R\u00e9gion de Pilsen se trouve \u00e0 l\u2019adresse <strong>Place de Jamblinne de Meux 31, Bruxelles \u2013 Schaerbeek, B-1030.<\/strong> Le b\u00e2timent est \u00e0 proximit\u00e9 du si\u00e8ge de la Commission europ\u00e9enne et du Conseil de l\u2019UE au Rond-Point Schuman, et non loin du Parlement europ\u00e9en sur la Rue Wiertz et du Comit\u00e9 des r\u00e9gions sur la Rue Belliard.<\/p>\r\n<p data-start=\"329\" data-end=\"520\">Depuis l\u2019a\u00e9roport, le moyen le plus pratique est de prendre le bus express n\u00b0 12 (arr\u00eats Meiser ou Schuman) ou le bus n\u00b0 21 (l\u2019arr\u00eat Jamblinne de Meux se trouve presque devant le b\u00e2timent).<\/p>\r\n<p data-start=\"522\" data-end=\"710\" data-is-last-node=\"\" data-is-only-node=\"\">La station de m\u00e9tro la plus proche est Schuman sur les lignes 1 et 5. De l\u00e0, comptez environ 10 minutes \u00e0 pied, ou vous pouvez prendre le bus n\u00b0 21 pour 2 arr\u00eats jusqu\u2019\u00e0 Jamblinne de Meux.<\/p>\r\n\r\n<\/div>\r\n<\/div>\r\n \r\n<div class=\"wp-block-spacer\" style=\"height: 60px;\" aria-hidden=\"true\">&nbsp;<\/div>\r\n","protected":false},"excerpt":{"rendered":"<p>O\u00f9 nous trouver?<br \/>\nQuels sont nos horaires d\u2019ouverture?<\/p>\n","protected":false},"author":2,"featured_media":0,"parent":0,"menu_order":0,"comment_status":"closed","ping_status":"closed","template":"","meta":{"footnotes":""},"class_list":["post-40","page","type-page","status-publish","hentry"],"_links":{"self":[{"href":"https:\/\/admin.zpkb.eu\/fr\/wp-json\/wp\/v2\/pages\/40","targetHints":{"allow":["GET"]}}],"collection":[{"href":"https:\/\/admin.zpkb.eu\/fr\/wp-json\/wp\/v2\/pages"}],"about":[{"href":"https:\/\/admin.zpkb.eu\/fr\/wp-json\/wp\/v2\/types\/page"}],"author":[{"embeddable":true,"href":"https:\/\/admin.zpkb.eu\/fr\/wp-json\/wp\/v2\/users\/2"}],"replies":[{"embeddable":true,"href":"https:\/\/admin.zpkb.eu\/fr\/wp-json\/wp\/v2\/comments?post=40"}],"version-history":[{"count":30,"href":"https:\/\/admin.zpkb.eu\/fr\/wp-json\/wp\/v2\/pages\/40\/revisions"}],"predecessor-version":[{"id":610,"href":"https:\/\/admin.zpkb.eu\/fr\/wp-json\/wp\/v2\/pages\/40\/revisions\/610"}],"wp:attachment":[{"href":"https:\/\/admin.zpkb.eu\/fr\/wp-json\/wp\/v2\/media?parent=40"}],"curies":[{"name":"wp","href":"https:\/\/api.w.org\/{rel}","templated":true}]}}